{"id":459,"date":"2024-10-11T12:53:54","date_gmt":"2024-10-11T12:53:54","guid":{"rendered":"https:\/\/spinbetter.games\/sk\/?page_id=459"},"modified":"2025-03-17T12:00:35","modified_gmt":"2025-03-17T12:00:35","slug":"sports","status":"publish","type":"page","link":"https:\/\/spinbetter.games\/sk\/sports\/","title":{"rendered":"\u0160port"},"content":{"rendered":"","protected":false},"excerpt":{"rendered":"","protected":false},"author":1,"featured_media":0,"parent":0,"menu_order":0,"comment_status":"closed","ping_status":"closed","template":"","meta":{"footnotes":""},"class_list":["post-459","page","type-page","status-publish","hentry"],"yoast_head":"<!-- This site is optimized with the Yoast SEO plugin v26.8 - https:\/\/yoast.com\/product\/yoast-seo-wordpress\/ -->\n<title>SpinBetter Slovensko: Online \u0161portov\u00e9 st\u00e1vky<\/title>\n<meta name=\"description\" content=\"SpinBetter je online platforma, ktor\u00e1 pon\u00faka vysok\u00e9 kurzy na \u0161portov\u00e9 st\u00e1vky, live st\u00e1vky a \u0161irok\u00fa \u0161k\u00e1lu \u0161portov\u00fdch podujat\u00ed. Za\u010dnite svoje \u0161portov\u00e9 st\u00e1vkov\u00e9 dobrodru\u017estvo so Spin Better!\" \/>\n<meta name=\"robots\" content=\"index, follow, max-snippet:-1, max-image-preview:large, max-video-preview:-1\" \/>\n<link rel=\"canonical\" href=\"https:\/\/spinbetter.games\/sk\/sports\/\" \/>\n<meta property=\"og:locale\" content=\"sk_SK\" \/>\n<meta property=\"og:type\" content=\"article\" \/>\n<meta property=\"og:title\" content=\"SpinBetter Slovensko: Online \u0161portov\u00e9 st\u00e1vky\" \/>\n<meta property=\"og:description\" content=\"SpinBetter je online platforma, ktor\u00e1 pon\u00faka vysok\u00e9 kurzy na \u0161portov\u00e9 st\u00e1vky, live st\u00e1vky a \u0161irok\u00fa \u0161k\u00e1lu \u0161portov\u00fdch podujat\u00ed. Za\u010dnite svoje \u0161portov\u00e9 st\u00e1vkov\u00e9 dobrodru\u017estvo so Spin Better!\" \/>\n<meta property=\"og:url\" content=\"https:\/\/spinbetter.games\/sk\/sports\/\" \/>\n<meta property=\"og:site_name\" content=\"Spinbetter games sk\" \/>\n<meta property=\"article:modified_time\" content=\"2025-03-17T12:00:35+00:00\" \/>\n<meta name=\"twitter:card\" content=\"summary_large_image\" \/>\n<script type=\"application\/ld+json\" class=\"yoast-schema-graph\">{\"@context\":\"https:\/\/schema.org\",\"@graph\":[{\"@type\":\"WebPage\",\"@id\":\"https:\/\/spinbetter.games\/sk\/sports\/\",\"url\":\"https:\/\/spinbetter.games\/sk\/sports\/\",\"name\":\"SpinBetter Slovensko: Online \u0161portov\u00e9 st\u00e1vky\",\"isPartOf\":{\"@id\":\"https:\/\/spinbetter.games\/sk\/#website\"},\"datePublished\":\"2024-10-11T12:53:54+00:00\",\"dateModified\":\"2025-03-17T12:00:35+00:00\",\"description\":\"SpinBetter je online platforma, ktor\u00e1 pon\u00faka vysok\u00e9 kurzy na \u0161portov\u00e9 st\u00e1vky, live st\u00e1vky a \u0161irok\u00fa \u0161k\u00e1lu \u0161portov\u00fdch podujat\u00ed. Za\u010dnite svoje \u0161portov\u00e9 st\u00e1vkov\u00e9 dobrodru\u017estvo so Spin Better!\",\"breadcrumb\":{\"@id\":\"https:\/\/spinbetter.games\/sk\/sports\/#breadcrumb\"},\"inLanguage\":\"sk-SK\",\"potentialAction\":[{\"@type\":\"ReadAction\",\"target\":[\"https:\/\/spinbetter.games\/sk\/sports\/\"]}]},{\"@type\":\"BreadcrumbList\",\"@id\":\"https:\/\/spinbetter.games\/sk\/sports\/#breadcrumb\",\"itemListElement\":[{\"@type\":\"ListItem\",\"position\":1,\"name\":\"\u0413\u043b\u0430\u0432\u043d\u0430\u044f \u0441\u0442\u0440\u0430\u043d\u0438\u0446\u0430\",\"item\":\"https:\/\/spinbetter.games\/sk\/\"},{\"@type\":\"ListItem\",\"position\":2,\"name\":\"\u0160port\"}]},{\"@type\":\"WebSite\",\"@id\":\"https:\/\/spinbetter.games\/sk\/#website\",\"url\":\"https:\/\/spinbetter.games\/sk\/\",\"name\":\"Spinbetter games sk\",\"description\":\"My WordPress Blog\",\"potentialAction\":[{\"@type\":\"SearchAction\",\"target\":{\"@type\":\"EntryPoint\",\"urlTemplate\":\"https:\/\/spinbetter.games\/sk\/?s={search_term_string}\"},\"query-input\":{\"@type\":\"PropertyValueSpecification\",\"valueRequired\":true,\"valueName\":\"search_term_string\"}}],\"inLanguage\":\"sk-SK\"}]}<\/script>\n<!-- \/ Yoast SEO plugin. -->","yoast_head_json":{"title":"SpinBetter Slovensko: Online \u0161portov\u00e9 st\u00e1vky","description":"SpinBetter je online platforma, ktor\u00e1 pon\u00faka vysok\u00e9 kurzy na \u0161portov\u00e9 st\u00e1vky, live st\u00e1vky a \u0161irok\u00fa \u0161k\u00e1lu \u0161portov\u00fdch podujat\u00ed. Za\u010dnite svoje \u0161portov\u00e9 st\u00e1vkov\u00e9 dobrodru\u017estvo so Spin Better!","robots":{"index":"index","follow":"follow","max-snippet":"max-snippet:-1","max-image-preview":"max-image-preview:large","max-video-preview":"max-video-preview:-1"},"canonical":"https:\/\/spinbetter.games\/sk\/sports\/","og_locale":"sk_SK","og_type":"article","og_title":"SpinBetter Slovensko: Online \u0161portov\u00e9 st\u00e1vky","og_description":"SpinBetter je online platforma, ktor\u00e1 pon\u00faka vysok\u00e9 kurzy na \u0161portov\u00e9 st\u00e1vky, live st\u00e1vky a \u0161irok\u00fa \u0161k\u00e1lu \u0161portov\u00fdch podujat\u00ed. Za\u010dnite svoje \u0161portov\u00e9 st\u00e1vkov\u00e9 dobrodru\u017estvo so Spin Better!","og_url":"https:\/\/spinbetter.games\/sk\/sports\/","og_site_name":"Spinbetter games sk","article_modified_time":"2025-03-17T12:00:35+00:00","twitter_card":"summary_large_image","schema":{"@context":"https:\/\/schema.org","@graph":[{"@type":"WebPage","@id":"https:\/\/spinbetter.games\/sk\/sports\/","url":"https:\/\/spinbetter.games\/sk\/sports\/","name":"SpinBetter Slovensko: Online \u0161portov\u00e9 st\u00e1vky","isPartOf":{"@id":"https:\/\/spinbetter.games\/sk\/#website"},"datePublished":"2024-10-11T12:53:54+00:00","dateModified":"2025-03-17T12:00:35+00:00","description":"SpinBetter je online platforma, ktor\u00e1 pon\u00faka vysok\u00e9 kurzy na \u0161portov\u00e9 st\u00e1vky, live st\u00e1vky a \u0161irok\u00fa \u0161k\u00e1lu \u0161portov\u00fdch podujat\u00ed. Za\u010dnite svoje \u0161portov\u00e9 st\u00e1vkov\u00e9 dobrodru\u017estvo so Spin Better!","breadcrumb":{"@id":"https:\/\/spinbetter.games\/sk\/sports\/#breadcrumb"},"inLanguage":"sk-SK","potentialAction":[{"@type":"ReadAction","target":["https:\/\/spinbetter.games\/sk\/sports\/"]}]},{"@type":"BreadcrumbList","@id":"https:\/\/spinbetter.games\/sk\/sports\/#breadcrumb","itemListElement":[{"@type":"ListItem","position":1,"name":"\u0413\u043b\u0430\u0432\u043d\u0430\u044f \u0441\u0442\u0440\u0430\u043d\u0438\u0446\u0430","item":"https:\/\/spinbetter.games\/sk\/"},{"@type":"ListItem","position":2,"name":"\u0160port"}]},{"@type":"WebSite","@id":"https:\/\/spinbetter.games\/sk\/#website","url":"https:\/\/spinbetter.games\/sk\/","name":"Spinbetter games sk","description":"My WordPress Blog","potentialAction":[{"@type":"SearchAction","target":{"@type":"EntryPoint","urlTemplate":"https:\/\/spinbetter.games\/sk\/?s={search_term_string}"},"query-input":{"@type":"PropertyValueSpecification","valueRequired":true,"valueName":"search_term_string"}}],"inLanguage":"sk-SK"}]}},"_links":{"self":[{"href":"https:\/\/spinbetter.games\/sk\/wp-json\/wp\/v2\/pages\/459","targetHints":{"allow":["GET"]}}],"collection":[{"href":"https:\/\/spinbetter.games\/sk\/wp-json\/wp\/v2\/pages"}],"about":[{"href":"https:\/\/spinbetter.games\/sk\/wp-json\/wp\/v2\/types\/page"}],"author":[{"embeddable":true,"href":"https:\/\/spinbetter.games\/sk\/wp-json\/wp\/v2\/users\/1"}],"replies":[{"embeddable":true,"href":"https:\/\/spinbetter.games\/sk\/wp-json\/wp\/v2\/comments?post=459"}],"version-history":[{"count":3,"href":"https:\/\/spinbetter.games\/sk\/wp-json\/wp\/v2\/pages\/459\/revisions"}],"predecessor-version":[{"id":1039,"href":"https:\/\/spinbetter.games\/sk\/wp-json\/wp\/v2\/pages\/459\/revisions\/1039"}],"wp:attachment":[{"href":"https:\/\/spinbetter.games\/sk\/wp-json\/wp\/v2\/media?parent=459"}],"curies":[{"name":"wp","href":"https:\/\/api.w.org\/{rel}","templated":true}]}}