{"id":566,"date":"2024-10-30T14:03:04","date_gmt":"2024-10-30T14:03:04","guid":{"rendered":"https:\/\/spinbetter.games\/sk\/?page_id=566"},"modified":"2025-10-10T13:21:59","modified_gmt":"2025-10-10T13:21:59","slug":"football","status":"publish","type":"page","link":"https:\/\/spinbetter.games\/sk\/football\/","title":{"rendered":"Futbal"},"content":{"rendered":"","protected":false},"excerpt":{"rendered":"","protected":false},"author":1,"featured_media":0,"parent":0,"menu_order":0,"comment_status":"closed","ping_status":"closed","template":"","meta":{"footnotes":""},"class_list":["post-566","page","type-page","status-publish","hentry"],"yoast_head":"<!-- This site is optimized with the Yoast SEO plugin v26.8 - https:\/\/yoast.com\/product\/yoast-seo-wordpress\/ -->\n<title>SpinBetter Slovensko Futbalov\u00e9 st\u00e1vky \u2714\ufe0f Vysok\u00e9 kurzy<\/title>\n<meta name=\"description\" content=\"Spinbetter pon\u00faka \u0161irok\u00fa \u0161k\u00e1lu futbalov\u00fdch st\u00e1vkov\u00fdch udalost\u00ed a trhov \u26a1 Nau\u010dte sa st\u00e1vkova\u0165 na futbal a n\u00e1jdite najlep\u0161ie kurzy na Spin Better \u26bd Z\u00edskajte profesion\u00e1lne tipy na futbalov\u00e9 st\u00e1vky\" \/>\n<meta name=\"robots\" content=\"index, follow, max-snippet:-1, max-image-preview:large, max-video-preview:-1\" \/>\n<link rel=\"canonical\" href=\"https:\/\/spinbetter.games\/sk\/football\/\" \/>\n<meta property=\"og:locale\" content=\"sk_SK\" \/>\n<meta property=\"og:type\" content=\"article\" \/>\n<meta property=\"og:title\" content=\"SpinBetter Slovensko Futbalov\u00e9 st\u00e1vky \u2714\ufe0f Vysok\u00e9 kurzy\" \/>\n<meta property=\"og:description\" content=\"Spinbetter pon\u00faka \u0161irok\u00fa \u0161k\u00e1lu futbalov\u00fdch st\u00e1vkov\u00fdch udalost\u00ed a trhov \u26a1 Nau\u010dte sa st\u00e1vkova\u0165 na futbal a n\u00e1jdite najlep\u0161ie kurzy na Spin Better \u26bd Z\u00edskajte profesion\u00e1lne tipy na futbalov\u00e9 st\u00e1vky\" \/>\n<meta property=\"og:url\" content=\"https:\/\/spinbetter.games\/sk\/football\/\" \/>\n<meta property=\"og:site_name\" content=\"Spinbetter games sk\" \/>\n<meta property=\"article:modified_time\" content=\"2025-10-10T13:21:59+00:00\" \/>\n<meta name=\"twitter:card\" content=\"summary_large_image\" \/>\n<script type=\"application\/ld+json\" class=\"yoast-schema-graph\">{\"@context\":\"https:\/\/schema.org\",\"@graph\":[{\"@type\":\"WebPage\",\"@id\":\"https:\/\/spinbetter.games\/sk\/football\/\",\"url\":\"https:\/\/spinbetter.games\/sk\/football\/\",\"name\":\"SpinBetter Slovensko Futbalov\u00e9 st\u00e1vky \u2714\ufe0f Vysok\u00e9 kurzy\",\"isPartOf\":{\"@id\":\"https:\/\/spinbetter.games\/sk\/#website\"},\"datePublished\":\"2024-10-30T14:03:04+00:00\",\"dateModified\":\"2025-10-10T13:21:59+00:00\",\"description\":\"Spinbetter pon\u00faka \u0161irok\u00fa \u0161k\u00e1lu futbalov\u00fdch st\u00e1vkov\u00fdch udalost\u00ed a trhov \u26a1 Nau\u010dte sa st\u00e1vkova\u0165 na futbal a n\u00e1jdite najlep\u0161ie kurzy na Spin Better \u26bd Z\u00edskajte profesion\u00e1lne tipy na futbalov\u00e9 st\u00e1vky\",\"breadcrumb\":{\"@id\":\"https:\/\/spinbetter.games\/sk\/football\/#breadcrumb\"},\"inLanguage\":\"sk-SK\",\"potentialAction\":[{\"@type\":\"ReadAction\",\"target\":[\"https:\/\/spinbetter.games\/sk\/football\/\"]}]},{\"@type\":\"BreadcrumbList\",\"@id\":\"https:\/\/spinbetter.games\/sk\/football\/#breadcrumb\",\"itemListElement\":[{\"@type\":\"ListItem\",\"position\":1,\"name\":\"\u0413\u043b\u0430\u0432\u043d\u0430\u044f \u0441\u0442\u0440\u0430\u043d\u0438\u0446\u0430\",\"item\":\"https:\/\/spinbetter.games\/sk\/\"},{\"@type\":\"ListItem\",\"position\":2,\"name\":\"Futbal\"}]},{\"@type\":\"WebSite\",\"@id\":\"https:\/\/spinbetter.games\/sk\/#website\",\"url\":\"https:\/\/spinbetter.games\/sk\/\",\"name\":\"Spinbetter games sk\",\"description\":\"My WordPress Blog\",\"potentialAction\":[{\"@type\":\"SearchAction\",\"target\":{\"@type\":\"EntryPoint\",\"urlTemplate\":\"https:\/\/spinbetter.games\/sk\/?s={search_term_string}\"},\"query-input\":{\"@type\":\"PropertyValueSpecification\",\"valueRequired\":true,\"valueName\":\"search_term_string\"}}],\"inLanguage\":\"sk-SK\"}]}<\/script>\n<!-- \/ Yoast SEO plugin. -->","yoast_head_json":{"title":"SpinBetter Slovensko Futbalov\u00e9 st\u00e1vky \u2714\ufe0f Vysok\u00e9 kurzy","description":"Spinbetter pon\u00faka \u0161irok\u00fa \u0161k\u00e1lu futbalov\u00fdch st\u00e1vkov\u00fdch udalost\u00ed a trhov \u26a1 Nau\u010dte sa st\u00e1vkova\u0165 na futbal a n\u00e1jdite najlep\u0161ie kurzy na Spin Better \u26bd Z\u00edskajte profesion\u00e1lne tipy na futbalov\u00e9 st\u00e1vky","robots":{"index":"index","follow":"follow","max-snippet":"max-snippet:-1","max-image-preview":"max-image-preview:large","max-video-preview":"max-video-preview:-1"},"canonical":"https:\/\/spinbetter.games\/sk\/football\/","og_locale":"sk_SK","og_type":"article","og_title":"SpinBetter Slovensko Futbalov\u00e9 st\u00e1vky \u2714\ufe0f Vysok\u00e9 kurzy","og_description":"Spinbetter pon\u00faka \u0161irok\u00fa \u0161k\u00e1lu futbalov\u00fdch st\u00e1vkov\u00fdch udalost\u00ed a trhov \u26a1 Nau\u010dte sa st\u00e1vkova\u0165 na futbal a n\u00e1jdite najlep\u0161ie kurzy na Spin Better \u26bd Z\u00edskajte profesion\u00e1lne tipy na futbalov\u00e9 st\u00e1vky","og_url":"https:\/\/spinbetter.games\/sk\/football\/","og_site_name":"Spinbetter games sk","article_modified_time":"2025-10-10T13:21:59+00:00","twitter_card":"summary_large_image","schema":{"@context":"https:\/\/schema.org","@graph":[{"@type":"WebPage","@id":"https:\/\/spinbetter.games\/sk\/football\/","url":"https:\/\/spinbetter.games\/sk\/football\/","name":"SpinBetter Slovensko Futbalov\u00e9 st\u00e1vky \u2714\ufe0f Vysok\u00e9 kurzy","isPartOf":{"@id":"https:\/\/spinbetter.games\/sk\/#website"},"datePublished":"2024-10-30T14:03:04+00:00","dateModified":"2025-10-10T13:21:59+00:00","description":"Spinbetter pon\u00faka \u0161irok\u00fa \u0161k\u00e1lu futbalov\u00fdch st\u00e1vkov\u00fdch udalost\u00ed a trhov \u26a1 Nau\u010dte sa st\u00e1vkova\u0165 na futbal a n\u00e1jdite najlep\u0161ie kurzy na Spin Better \u26bd Z\u00edskajte profesion\u00e1lne tipy na futbalov\u00e9 st\u00e1vky","breadcrumb":{"@id":"https:\/\/spinbetter.games\/sk\/football\/#breadcrumb"},"inLanguage":"sk-SK","potentialAction":[{"@type":"ReadAction","target":["https:\/\/spinbetter.games\/sk\/football\/"]}]},{"@type":"BreadcrumbList","@id":"https:\/\/spinbetter.games\/sk\/football\/#breadcrumb","itemListElement":[{"@type":"ListItem","position":1,"name":"\u0413\u043b\u0430\u0432\u043d\u0430\u044f \u0441\u0442\u0440\u0430\u043d\u0438\u0446\u0430","item":"https:\/\/spinbetter.games\/sk\/"},{"@type":"ListItem","position":2,"name":"Futbal"}]},{"@type":"WebSite","@id":"https:\/\/spinbetter.games\/sk\/#website","url":"https:\/\/spinbetter.games\/sk\/","name":"Spinbetter games sk","description":"My WordPress Blog","potentialAction":[{"@type":"SearchAction","target":{"@type":"EntryPoint","urlTemplate":"https:\/\/spinbetter.games\/sk\/?s={search_term_string}"},"query-input":{"@type":"PropertyValueSpecification","valueRequired":true,"valueName":"search_term_string"}}],"inLanguage":"sk-SK"}]}},"_links":{"self":[{"href":"https:\/\/spinbetter.games\/sk\/wp-json\/wp\/v2\/pages\/566","targetHints":{"allow":["GET"]}}],"collection":[{"href":"https:\/\/spinbetter.games\/sk\/wp-json\/wp\/v2\/pages"}],"about":[{"href":"https:\/\/spinbetter.games\/sk\/wp-json\/wp\/v2\/types\/page"}],"author":[{"embeddable":true,"href":"https:\/\/spinbetter.games\/sk\/wp-json\/wp\/v2\/users\/1"}],"replies":[{"embeddable":true,"href":"https:\/\/spinbetter.games\/sk\/wp-json\/wp\/v2\/comments?post=566"}],"version-history":[{"count":4,"href":"https:\/\/spinbetter.games\/sk\/wp-json\/wp\/v2\/pages\/566\/revisions"}],"predecessor-version":[{"id":1779,"href":"https:\/\/spinbetter.games\/sk\/wp-json\/wp\/v2\/pages\/566\/revisions\/1779"}],"wp:attachment":[{"href":"https:\/\/spinbetter.games\/sk\/wp-json\/wp\/v2\/media?parent=566"}],"curies":[{"name":"wp","href":"https:\/\/api.w.org\/{rel}","templated":true}]}}