{"id":1359,"date":"2025-05-12T14:08:44","date_gmt":"2025-05-12T14:08:44","guid":{"rendered":"https:\/\/spinbetter.games\/sl\/?page_id=1359"},"modified":"2025-08-31T16:02:27","modified_gmt":"2025-08-31T16:02:27","slug":"betting-insurance","status":"publish","type":"page","link":"https:\/\/spinbetter.games\/sl\/bonus\/betting-insurance\/","title":{"rendered":"100-odstotno zavarovanje za stave"},"content":{"rendered":"","protected":false},"excerpt":{"rendered":"","protected":false},"author":1,"featured_media":0,"parent":152,"menu_order":0,"comment_status":"closed","ping_status":"closed","template":"","meta":{"footnotes":""},"class_list":["post-1359","page","type-page","status-publish","hentry"],"yoast_head":"<!-- This site is optimized with the Yoast SEO plugin v26.8 - https:\/\/yoast.com\/product\/yoast-seo-wordpress\/ -->\n<title>SpinBetter 100 % zavarovanje stav na gol: vra\u010dilo v primeru izgube<\/title>\n<meta name=\"description\" content=\"Stavite na gol svojega favorita in dobite 100 % zavarovanje s SpinBetter! \u010ce ne dose\u017ee gola, vam bomo vrnili denar v obliki brezpla\u010dne stave. Sodelujte v El Classico in zmagajte pametno!\" \/>\n<meta name=\"robots\" content=\"index, follow, max-snippet:-1, max-image-preview:large, max-video-preview:-1\" \/>\n<link rel=\"canonical\" href=\"https:\/\/spinbetter.games\/sl\/bonus\/betting-insurance\/\" \/>\n<meta property=\"og:locale\" content=\"sl_SI\" \/>\n<meta property=\"og:type\" content=\"article\" \/>\n<meta property=\"og:title\" content=\"SpinBetter 100 % zavarovanje stav na gol: vra\u010dilo v primeru izgube\" \/>\n<meta property=\"og:description\" content=\"Stavite na gol svojega favorita in dobite 100 % zavarovanje s SpinBetter! \u010ce ne dose\u017ee gola, vam bomo vrnili denar v obliki brezpla\u010dne stave. Sodelujte v El Classico in zmagajte pametno!\" \/>\n<meta property=\"og:url\" content=\"https:\/\/spinbetter.games\/sl\/bonus\/betting-insurance\/\" \/>\n<meta property=\"og:site_name\" content=\"SpinBetter SL\" \/>\n<meta property=\"article:modified_time\" content=\"2025-08-31T16:02:27+00:00\" \/>\n<meta name=\"twitter:card\" content=\"summary_large_image\" \/>\n<script type=\"application\/ld+json\" class=\"yoast-schema-graph\">{\"@context\":\"https:\/\/schema.org\",\"@graph\":[{\"@type\":\"WebPage\",\"@id\":\"https:\/\/spinbetter.games\/sl\/bonus\/betting-insurance\/\",\"url\":\"https:\/\/spinbetter.games\/sl\/bonus\/betting-insurance\/\",\"name\":\"SpinBetter 100 % zavarovanje stav na gol: vra\u010dilo v primeru izgube\",\"isPartOf\":{\"@id\":\"https:\/\/spinbetter.games\/sl\/#website\"},\"datePublished\":\"2025-05-12T14:08:44+00:00\",\"dateModified\":\"2025-08-31T16:02:27+00:00\",\"description\":\"Stavite na gol svojega favorita in dobite 100 % zavarovanje s SpinBetter! \u010ce ne dose\u017ee gola, vam bomo vrnili denar v obliki brezpla\u010dne stave. Sodelujte v El Classico in zmagajte pametno!\",\"breadcrumb\":{\"@id\":\"https:\/\/spinbetter.games\/sl\/bonus\/betting-insurance\/#breadcrumb\"},\"inLanguage\":\"sl-SI\",\"potentialAction\":[{\"@type\":\"ReadAction\",\"target\":[\"https:\/\/spinbetter.games\/sl\/bonus\/betting-insurance\/\"]}]},{\"@type\":\"BreadcrumbList\",\"@id\":\"https:\/\/spinbetter.games\/sl\/bonus\/betting-insurance\/#breadcrumb\",\"itemListElement\":[{\"@type\":\"ListItem\",\"position\":1,\"name\":\"\u0413\u043b\u0430\u0432\u043d\u0430\u044f \u0441\u0442\u0440\u0430\u043d\u0438\u0446\u0430\",\"item\":\"https:\/\/spinbetter.games\/sl\/\"},{\"@type\":\"ListItem\",\"position\":2,\"name\":\"Bonus\",\"item\":\"https:\/\/spinbetter.games\/sl\/bonus\/\"},{\"@type\":\"ListItem\",\"position\":3,\"name\":\"100-odstotno zavarovanje za stave\"}]},{\"@type\":\"WebSite\",\"@id\":\"https:\/\/spinbetter.games\/sl\/#website\",\"url\":\"https:\/\/spinbetter.games\/sl\/\",\"name\":\"SpinBetter SL\",\"description\":\"\",\"potentialAction\":[{\"@type\":\"SearchAction\",\"target\":{\"@type\":\"EntryPoint\",\"urlTemplate\":\"https:\/\/spinbetter.games\/sl\/?s={search_term_string}\"},\"query-input\":{\"@type\":\"PropertyValueSpecification\",\"valueRequired\":true,\"valueName\":\"search_term_string\"}}],\"inLanguage\":\"sl-SI\"}]}<\/script>\n<!-- \/ Yoast SEO plugin. -->","yoast_head_json":{"title":"SpinBetter 100 % zavarovanje stav na gol: vra\u010dilo v primeru izgube","description":"Stavite na gol svojega favorita in dobite 100 % zavarovanje s SpinBetter! \u010ce ne dose\u017ee gola, vam bomo vrnili denar v obliki brezpla\u010dne stave. Sodelujte v El Classico in zmagajte pametno!","robots":{"index":"index","follow":"follow","max-snippet":"max-snippet:-1","max-image-preview":"max-image-preview:large","max-video-preview":"max-video-preview:-1"},"canonical":"https:\/\/spinbetter.games\/sl\/bonus\/betting-insurance\/","og_locale":"sl_SI","og_type":"article","og_title":"SpinBetter 100 % zavarovanje stav na gol: vra\u010dilo v primeru izgube","og_description":"Stavite na gol svojega favorita in dobite 100 % zavarovanje s SpinBetter! \u010ce ne dose\u017ee gola, vam bomo vrnili denar v obliki brezpla\u010dne stave. Sodelujte v El Classico in zmagajte pametno!","og_url":"https:\/\/spinbetter.games\/sl\/bonus\/betting-insurance\/","og_site_name":"SpinBetter SL","article_modified_time":"2025-08-31T16:02:27+00:00","twitter_card":"summary_large_image","schema":{"@context":"https:\/\/schema.org","@graph":[{"@type":"WebPage","@id":"https:\/\/spinbetter.games\/sl\/bonus\/betting-insurance\/","url":"https:\/\/spinbetter.games\/sl\/bonus\/betting-insurance\/","name":"SpinBetter 100 % zavarovanje stav na gol: vra\u010dilo v primeru izgube","isPartOf":{"@id":"https:\/\/spinbetter.games\/sl\/#website"},"datePublished":"2025-05-12T14:08:44+00:00","dateModified":"2025-08-31T16:02:27+00:00","description":"Stavite na gol svojega favorita in dobite 100 % zavarovanje s SpinBetter! \u010ce ne dose\u017ee gola, vam bomo vrnili denar v obliki brezpla\u010dne stave. Sodelujte v El Classico in zmagajte pametno!","breadcrumb":{"@id":"https:\/\/spinbetter.games\/sl\/bonus\/betting-insurance\/#breadcrumb"},"inLanguage":"sl-SI","potentialAction":[{"@type":"ReadAction","target":["https:\/\/spinbetter.games\/sl\/bonus\/betting-insurance\/"]}]},{"@type":"BreadcrumbList","@id":"https:\/\/spinbetter.games\/sl\/bonus\/betting-insurance\/#breadcrumb","itemListElement":[{"@type":"ListItem","position":1,"name":"\u0413\u043b\u0430\u0432\u043d\u0430\u044f \u0441\u0442\u0440\u0430\u043d\u0438\u0446\u0430","item":"https:\/\/spinbetter.games\/sl\/"},{"@type":"ListItem","position":2,"name":"Bonus","item":"https:\/\/spinbetter.games\/sl\/bonus\/"},{"@type":"ListItem","position":3,"name":"100-odstotno zavarovanje za stave"}]},{"@type":"WebSite","@id":"https:\/\/spinbetter.games\/sl\/#website","url":"https:\/\/spinbetter.games\/sl\/","name":"SpinBetter SL","description":"","potentialAction":[{"@type":"SearchAction","target":{"@type":"EntryPoint","urlTemplate":"https:\/\/spinbetter.games\/sl\/?s={search_term_string}"},"query-input":{"@type":"PropertyValueSpecification","valueRequired":true,"valueName":"search_term_string"}}],"inLanguage":"sl-SI"}]}},"_links":{"self":[{"href":"https:\/\/spinbetter.games\/sl\/wp-json\/wp\/v2\/pages\/1359","targetHints":{"allow":["GET"]}}],"collection":[{"href":"https:\/\/spinbetter.games\/sl\/wp-json\/wp\/v2\/pages"}],"about":[{"href":"https:\/\/spinbetter.games\/sl\/wp-json\/wp\/v2\/types\/page"}],"author":[{"embeddable":true,"href":"https:\/\/spinbetter.games\/sl\/wp-json\/wp\/v2\/users\/1"}],"replies":[{"embeddable":true,"href":"https:\/\/spinbetter.games\/sl\/wp-json\/wp\/v2\/comments?post=1359"}],"version-history":[{"count":5,"href":"https:\/\/spinbetter.games\/sl\/wp-json\/wp\/v2\/pages\/1359\/revisions"}],"predecessor-version":[{"id":1683,"href":"https:\/\/spinbetter.games\/sl\/wp-json\/wp\/v2\/pages\/1359\/revisions\/1683"}],"up":[{"embeddable":true,"href":"https:\/\/spinbetter.games\/sl\/wp-json\/wp\/v2\/pages\/152"}],"wp:attachment":[{"href":"https:\/\/spinbetter.games\/sl\/wp-json\/wp\/v2\/media?parent=1359"}],"curies":[{"name":"wp","href":"https:\/\/api.w.org\/{rel}","templated":true}]}}