{"id":1544,"date":"2025-07-16T08:54:55","date_gmt":"2025-07-16T08:54:55","guid":{"rendered":"https:\/\/spinbetter.games\/sl\/?page_id=1544"},"modified":"2025-08-31T16:04:18","modified_gmt":"2025-08-31T16:04:18","slug":"freespins-for-telegram-subscribe","status":"publish","type":"page","link":"https:\/\/spinbetter.games\/sl\/bonus\/freespins-for-telegram-subscribe\/","title":{"rendered":"Freespins za Telegram Naro\u010dite se na"},"content":{"rendered":"","protected":false},"excerpt":{"rendered":"","protected":false},"author":1,"featured_media":0,"parent":152,"menu_order":0,"comment_status":"closed","ping_status":"closed","template":"","meta":{"footnotes":""},"class_list":["post-1544","page","type-page","status-publish","hentry"],"yoast_head":"<!-- This site is optimized with the Yoast SEO plugin v26.8 - https:\/\/yoast.com\/product\/yoast-seo-wordpress\/ -->\n<title>Naro\u010dite se na Spinbetter na Telegramu in prejmite 100 FS!<\/title>\n<meta name=\"description\" content=\"Ne zamudite prilo\u017enosti, da dobite 100 brezpla\u010dnih vrtljajev samo za naro\u010danje na kanal SpinBetter Telegram! Je enostavno, hitro in brez truda \u2013 samo kliknite \u00bbGet Free Spins\u00ab (Pridobite brezpla\u010dne vrtljaje) in za\u010dnite vrteti kolute!\" \/>\n<meta name=\"robots\" content=\"index, follow, max-snippet:-1, max-image-preview:large, max-video-preview:-1\" \/>\n<link rel=\"canonical\" href=\"https:\/\/spinbetter.games\/sl\/bonus\/freespins-for-telegram-subscribe\/\" \/>\n<meta property=\"og:locale\" content=\"sl_SI\" \/>\n<meta property=\"og:type\" content=\"article\" \/>\n<meta property=\"og:title\" content=\"Naro\u010dite se na Spinbetter na Telegramu in prejmite 100 FS!\" \/>\n<meta property=\"og:description\" content=\"Ne zamudite prilo\u017enosti, da dobite 100 brezpla\u010dnih vrtljajev samo za naro\u010danje na kanal SpinBetter Telegram! Je enostavno, hitro in brez truda \u2013 samo kliknite \u00bbGet Free Spins\u00ab (Pridobite brezpla\u010dne vrtljaje) in za\u010dnite vrteti kolute!\" \/>\n<meta property=\"og:url\" content=\"https:\/\/spinbetter.games\/sl\/bonus\/freespins-for-telegram-subscribe\/\" \/>\n<meta property=\"og:site_name\" content=\"SpinBetter SL\" \/>\n<meta property=\"article:modified_time\" content=\"2025-08-31T16:04:18+00:00\" \/>\n<meta name=\"twitter:card\" content=\"summary_large_image\" \/>\n<script type=\"application\/ld+json\" class=\"yoast-schema-graph\">{\"@context\":\"https:\/\/schema.org\",\"@graph\":[{\"@type\":\"WebPage\",\"@id\":\"https:\/\/spinbetter.games\/sl\/bonus\/freespins-for-telegram-subscribe\/\",\"url\":\"https:\/\/spinbetter.games\/sl\/bonus\/freespins-for-telegram-subscribe\/\",\"name\":\"Naro\u010dite se na Spinbetter na Telegramu in prejmite 100 FS!\",\"isPartOf\":{\"@id\":\"https:\/\/spinbetter.games\/sl\/#website\"},\"datePublished\":\"2025-07-16T08:54:55+00:00\",\"dateModified\":\"2025-08-31T16:04:18+00:00\",\"description\":\"Ne zamudite prilo\u017enosti, da dobite 100 brezpla\u010dnih vrtljajev samo za naro\u010danje na kanal SpinBetter Telegram! Je enostavno, hitro in brez truda \u2013 samo kliknite \u00bbGet Free Spins\u00ab (Pridobite brezpla\u010dne vrtljaje) in za\u010dnite vrteti kolute!\",\"breadcrumb\":{\"@id\":\"https:\/\/spinbetter.games\/sl\/bonus\/freespins-for-telegram-subscribe\/#breadcrumb\"},\"inLanguage\":\"sl-SI\",\"potentialAction\":[{\"@type\":\"ReadAction\",\"target\":[\"https:\/\/spinbetter.games\/sl\/bonus\/freespins-for-telegram-subscribe\/\"]}]},{\"@type\":\"BreadcrumbList\",\"@id\":\"https:\/\/spinbetter.games\/sl\/bonus\/freespins-for-telegram-subscribe\/#breadcrumb\",\"itemListElement\":[{\"@type\":\"ListItem\",\"position\":1,\"name\":\"\u0413\u043b\u0430\u0432\u043d\u0430\u044f \u0441\u0442\u0440\u0430\u043d\u0438\u0446\u0430\",\"item\":\"https:\/\/spinbetter.games\/sl\/\"},{\"@type\":\"ListItem\",\"position\":2,\"name\":\"Bonus\",\"item\":\"https:\/\/spinbetter.games\/sl\/bonus\/\"},{\"@type\":\"ListItem\",\"position\":3,\"name\":\"Freespins za Telegram Naro\u010dite se na\"}]},{\"@type\":\"WebSite\",\"@id\":\"https:\/\/spinbetter.games\/sl\/#website\",\"url\":\"https:\/\/spinbetter.games\/sl\/\",\"name\":\"SpinBetter SL\",\"description\":\"\",\"potentialAction\":[{\"@type\":\"SearchAction\",\"target\":{\"@type\":\"EntryPoint\",\"urlTemplate\":\"https:\/\/spinbetter.games\/sl\/?s={search_term_string}\"},\"query-input\":{\"@type\":\"PropertyValueSpecification\",\"valueRequired\":true,\"valueName\":\"search_term_string\"}}],\"inLanguage\":\"sl-SI\"}]}<\/script>\n<!-- \/ Yoast SEO plugin. -->","yoast_head_json":{"title":"Naro\u010dite se na Spinbetter na Telegramu in prejmite 100 FS!","description":"Ne zamudite prilo\u017enosti, da dobite 100 brezpla\u010dnih vrtljajev samo za naro\u010danje na kanal SpinBetter Telegram! Je enostavno, hitro in brez truda \u2013 samo kliknite \u00bbGet Free Spins\u00ab (Pridobite brezpla\u010dne vrtljaje) in za\u010dnite vrteti kolute!","robots":{"index":"index","follow":"follow","max-snippet":"max-snippet:-1","max-image-preview":"max-image-preview:large","max-video-preview":"max-video-preview:-1"},"canonical":"https:\/\/spinbetter.games\/sl\/bonus\/freespins-for-telegram-subscribe\/","og_locale":"sl_SI","og_type":"article","og_title":"Naro\u010dite se na Spinbetter na Telegramu in prejmite 100 FS!","og_description":"Ne zamudite prilo\u017enosti, da dobite 100 brezpla\u010dnih vrtljajev samo za naro\u010danje na kanal SpinBetter Telegram! Je enostavno, hitro in brez truda \u2013 samo kliknite \u00bbGet Free Spins\u00ab (Pridobite brezpla\u010dne vrtljaje) in za\u010dnite vrteti kolute!","og_url":"https:\/\/spinbetter.games\/sl\/bonus\/freespins-for-telegram-subscribe\/","og_site_name":"SpinBetter SL","article_modified_time":"2025-08-31T16:04:18+00:00","twitter_card":"summary_large_image","schema":{"@context":"https:\/\/schema.org","@graph":[{"@type":"WebPage","@id":"https:\/\/spinbetter.games\/sl\/bonus\/freespins-for-telegram-subscribe\/","url":"https:\/\/spinbetter.games\/sl\/bonus\/freespins-for-telegram-subscribe\/","name":"Naro\u010dite se na Spinbetter na Telegramu in prejmite 100 FS!","isPartOf":{"@id":"https:\/\/spinbetter.games\/sl\/#website"},"datePublished":"2025-07-16T08:54:55+00:00","dateModified":"2025-08-31T16:04:18+00:00","description":"Ne zamudite prilo\u017enosti, da dobite 100 brezpla\u010dnih vrtljajev samo za naro\u010danje na kanal SpinBetter Telegram! Je enostavno, hitro in brez truda \u2013 samo kliknite \u00bbGet Free Spins\u00ab (Pridobite brezpla\u010dne vrtljaje) in za\u010dnite vrteti kolute!","breadcrumb":{"@id":"https:\/\/spinbetter.games\/sl\/bonus\/freespins-for-telegram-subscribe\/#breadcrumb"},"inLanguage":"sl-SI","potentialAction":[{"@type":"ReadAction","target":["https:\/\/spinbetter.games\/sl\/bonus\/freespins-for-telegram-subscribe\/"]}]},{"@type":"BreadcrumbList","@id":"https:\/\/spinbetter.games\/sl\/bonus\/freespins-for-telegram-subscribe\/#breadcrumb","itemListElement":[{"@type":"ListItem","position":1,"name":"\u0413\u043b\u0430\u0432\u043d\u0430\u044f \u0441\u0442\u0440\u0430\u043d\u0438\u0446\u0430","item":"https:\/\/spinbetter.games\/sl\/"},{"@type":"ListItem","position":2,"name":"Bonus","item":"https:\/\/spinbetter.games\/sl\/bonus\/"},{"@type":"ListItem","position":3,"name":"Freespins za Telegram Naro\u010dite se na"}]},{"@type":"WebSite","@id":"https:\/\/spinbetter.games\/sl\/#website","url":"https:\/\/spinbetter.games\/sl\/","name":"SpinBetter SL","description":"","potentialAction":[{"@type":"SearchAction","target":{"@type":"EntryPoint","urlTemplate":"https:\/\/spinbetter.games\/sl\/?s={search_term_string}"},"query-input":{"@type":"PropertyValueSpecification","valueRequired":true,"valueName":"search_term_string"}}],"inLanguage":"sl-SI"}]}},"_links":{"self":[{"href":"https:\/\/spinbetter.games\/sl\/wp-json\/wp\/v2\/pages\/1544","targetHints":{"allow":["GET"]}}],"collection":[{"href":"https:\/\/spinbetter.games\/sl\/wp-json\/wp\/v2\/pages"}],"about":[{"href":"https:\/\/spinbetter.games\/sl\/wp-json\/wp\/v2\/types\/page"}],"author":[{"embeddable":true,"href":"https:\/\/spinbetter.games\/sl\/wp-json\/wp\/v2\/users\/1"}],"replies":[{"embeddable":true,"href":"https:\/\/spinbetter.games\/sl\/wp-json\/wp\/v2\/comments?post=1544"}],"version-history":[{"count":9,"href":"https:\/\/spinbetter.games\/sl\/wp-json\/wp\/v2\/pages\/1544\/revisions"}],"predecessor-version":[{"id":1698,"href":"https:\/\/spinbetter.games\/sl\/wp-json\/wp\/v2\/pages\/1544\/revisions\/1698"}],"up":[{"embeddable":true,"href":"https:\/\/spinbetter.games\/sl\/wp-json\/wp\/v2\/pages\/152"}],"wp:attachment":[{"href":"https:\/\/spinbetter.games\/sl\/wp-json\/wp\/v2\/media?parent=1544"}],"curies":[{"name":"wp","href":"https:\/\/api.w.org\/{rel}","templated":true}]}}