{"id":1658,"date":"2025-08-15T12:03:58","date_gmt":"2025-08-15T12:03:58","guid":{"rendered":"https:\/\/spinbetter.games\/sl\/?page_id=1658"},"modified":"2025-08-31T16:09:57","modified_gmt":"2025-08-31T16:09:57","slug":"aviator","status":"publish","type":"page","link":"https:\/\/spinbetter.games\/sl\/aviator\/","title":{"rendered":"Aviator"},"content":{"rendered":"","protected":false},"excerpt":{"rendered":"","protected":false},"author":1,"featured_media":0,"parent":0,"menu_order":0,"comment_status":"closed","ping_status":"closed","template":"","meta":{"footnotes":""},"class_list":["post-1658","page","type-page","status-publish","hentry"],"yoast_head":"<!-- This site is optimized with the Yoast SEO plugin v26.8 - https:\/\/yoast.com\/product\/yoast-seo-wordpress\/ -->\n<title>SpinBetter Aviator \u1409 Igrajte in zmagajte v najbolj\u0161i igri Crash<\/title>\n<meta name=\"description\" content=\"Odkrijte vznemirljiv svet SpinBetter Aviator! Nau\u010dite se igrati to priljubljeno igro, pridobite nasvete o strategiji in pove\u010danju svojih dobitkov. Pridru\u017eite se milijonom igralcev in u\u017eivajte v visokih mo\u017enostih za dobitek in edinstvenem igralnem do\u017eivetju!\" \/>\n<meta name=\"robots\" content=\"index, follow, max-snippet:-1, max-image-preview:large, max-video-preview:-1\" \/>\n<link rel=\"canonical\" href=\"https:\/\/spinbetter.games\/sl\/aviator\/\" \/>\n<meta property=\"og:locale\" content=\"sl_SI\" \/>\n<meta property=\"og:type\" content=\"article\" \/>\n<meta property=\"og:title\" content=\"SpinBetter Aviator \u1409 Igrajte in zmagajte v najbolj\u0161i igri Crash\" \/>\n<meta property=\"og:description\" content=\"Odkrijte vznemirljiv svet SpinBetter Aviator! Nau\u010dite se igrati to priljubljeno igro, pridobite nasvete o strategiji in pove\u010danju svojih dobitkov. Pridru\u017eite se milijonom igralcev in u\u017eivajte v visokih mo\u017enostih za dobitek in edinstvenem igralnem do\u017eivetju!\" \/>\n<meta property=\"og:url\" content=\"https:\/\/spinbetter.games\/sl\/aviator\/\" \/>\n<meta property=\"og:site_name\" content=\"SpinBetter SL\" \/>\n<meta property=\"article:modified_time\" content=\"2025-08-31T16:09:57+00:00\" \/>\n<meta name=\"twitter:card\" content=\"summary_large_image\" \/>\n<script type=\"application\/ld+json\" class=\"yoast-schema-graph\">{\"@context\":\"https:\/\/schema.org\",\"@graph\":[{\"@type\":\"WebPage\",\"@id\":\"https:\/\/spinbetter.games\/sl\/aviator\/\",\"url\":\"https:\/\/spinbetter.games\/sl\/aviator\/\",\"name\":\"SpinBetter Aviator \u1409 Igrajte in zmagajte v najbolj\u0161i igri Crash\",\"isPartOf\":{\"@id\":\"https:\/\/spinbetter.games\/sl\/#website\"},\"datePublished\":\"2025-08-15T12:03:58+00:00\",\"dateModified\":\"2025-08-31T16:09:57+00:00\",\"description\":\"Odkrijte vznemirljiv svet SpinBetter Aviator! Nau\u010dite se igrati to priljubljeno igro, pridobite nasvete o strategiji in pove\u010danju svojih dobitkov. Pridru\u017eite se milijonom igralcev in u\u017eivajte v visokih mo\u017enostih za dobitek in edinstvenem igralnem do\u017eivetju!\",\"breadcrumb\":{\"@id\":\"https:\/\/spinbetter.games\/sl\/aviator\/#breadcrumb\"},\"inLanguage\":\"sl-SI\",\"potentialAction\":[{\"@type\":\"ReadAction\",\"target\":[\"https:\/\/spinbetter.games\/sl\/aviator\/\"]}]},{\"@type\":\"BreadcrumbList\",\"@id\":\"https:\/\/spinbetter.games\/sl\/aviator\/#breadcrumb\",\"itemListElement\":[{\"@type\":\"ListItem\",\"position\":1,\"name\":\"\u0413\u043b\u0430\u0432\u043d\u0430\u044f \u0441\u0442\u0440\u0430\u043d\u0438\u0446\u0430\",\"item\":\"https:\/\/spinbetter.games\/sl\/\"},{\"@type\":\"ListItem\",\"position\":2,\"name\":\"Aviator\"}]},{\"@type\":\"WebSite\",\"@id\":\"https:\/\/spinbetter.games\/sl\/#website\",\"url\":\"https:\/\/spinbetter.games\/sl\/\",\"name\":\"SpinBetter SL\",\"description\":\"\",\"potentialAction\":[{\"@type\":\"SearchAction\",\"target\":{\"@type\":\"EntryPoint\",\"urlTemplate\":\"https:\/\/spinbetter.games\/sl\/?s={search_term_string}\"},\"query-input\":{\"@type\":\"PropertyValueSpecification\",\"valueRequired\":true,\"valueName\":\"search_term_string\"}}],\"inLanguage\":\"sl-SI\"}]}<\/script>\n<!-- \/ Yoast SEO plugin. -->","yoast_head_json":{"title":"SpinBetter Aviator \u1409 Igrajte in zmagajte v najbolj\u0161i igri Crash","description":"Odkrijte vznemirljiv svet SpinBetter Aviator! Nau\u010dite se igrati to priljubljeno igro, pridobite nasvete o strategiji in pove\u010danju svojih dobitkov. Pridru\u017eite se milijonom igralcev in u\u017eivajte v visokih mo\u017enostih za dobitek in edinstvenem igralnem do\u017eivetju!","robots":{"index":"index","follow":"follow","max-snippet":"max-snippet:-1","max-image-preview":"max-image-preview:large","max-video-preview":"max-video-preview:-1"},"canonical":"https:\/\/spinbetter.games\/sl\/aviator\/","og_locale":"sl_SI","og_type":"article","og_title":"SpinBetter Aviator \u1409 Igrajte in zmagajte v najbolj\u0161i igri Crash","og_description":"Odkrijte vznemirljiv svet SpinBetter Aviator! Nau\u010dite se igrati to priljubljeno igro, pridobite nasvete o strategiji in pove\u010danju svojih dobitkov. Pridru\u017eite se milijonom igralcev in u\u017eivajte v visokih mo\u017enostih za dobitek in edinstvenem igralnem do\u017eivetju!","og_url":"https:\/\/spinbetter.games\/sl\/aviator\/","og_site_name":"SpinBetter SL","article_modified_time":"2025-08-31T16:09:57+00:00","twitter_card":"summary_large_image","schema":{"@context":"https:\/\/schema.org","@graph":[{"@type":"WebPage","@id":"https:\/\/spinbetter.games\/sl\/aviator\/","url":"https:\/\/spinbetter.games\/sl\/aviator\/","name":"SpinBetter Aviator \u1409 Igrajte in zmagajte v najbolj\u0161i igri Crash","isPartOf":{"@id":"https:\/\/spinbetter.games\/sl\/#website"},"datePublished":"2025-08-15T12:03:58+00:00","dateModified":"2025-08-31T16:09:57+00:00","description":"Odkrijte vznemirljiv svet SpinBetter Aviator! Nau\u010dite se igrati to priljubljeno igro, pridobite nasvete o strategiji in pove\u010danju svojih dobitkov. Pridru\u017eite se milijonom igralcev in u\u017eivajte v visokih mo\u017enostih za dobitek in edinstvenem igralnem do\u017eivetju!","breadcrumb":{"@id":"https:\/\/spinbetter.games\/sl\/aviator\/#breadcrumb"},"inLanguage":"sl-SI","potentialAction":[{"@type":"ReadAction","target":["https:\/\/spinbetter.games\/sl\/aviator\/"]}]},{"@type":"BreadcrumbList","@id":"https:\/\/spinbetter.games\/sl\/aviator\/#breadcrumb","itemListElement":[{"@type":"ListItem","position":1,"name":"\u0413\u043b\u0430\u0432\u043d\u0430\u044f \u0441\u0442\u0440\u0430\u043d\u0438\u0446\u0430","item":"https:\/\/spinbetter.games\/sl\/"},{"@type":"ListItem","position":2,"name":"Aviator"}]},{"@type":"WebSite","@id":"https:\/\/spinbetter.games\/sl\/#website","url":"https:\/\/spinbetter.games\/sl\/","name":"SpinBetter SL","description":"","potentialAction":[{"@type":"SearchAction","target":{"@type":"EntryPoint","urlTemplate":"https:\/\/spinbetter.games\/sl\/?s={search_term_string}"},"query-input":{"@type":"PropertyValueSpecification","valueRequired":true,"valueName":"search_term_string"}}],"inLanguage":"sl-SI"}]}},"_links":{"self":[{"href":"https:\/\/spinbetter.games\/sl\/wp-json\/wp\/v2\/pages\/1658","targetHints":{"allow":["GET"]}}],"collection":[{"href":"https:\/\/spinbetter.games\/sl\/wp-json\/wp\/v2\/pages"}],"about":[{"href":"https:\/\/spinbetter.games\/sl\/wp-json\/wp\/v2\/types\/page"}],"author":[{"embeddable":true,"href":"https:\/\/spinbetter.games\/sl\/wp-json\/wp\/v2\/users\/1"}],"replies":[{"embeddable":true,"href":"https:\/\/spinbetter.games\/sl\/wp-json\/wp\/v2\/comments?post=1658"}],"version-history":[{"count":5,"href":"https:\/\/spinbetter.games\/sl\/wp-json\/wp\/v2\/pages\/1658\/revisions"}],"predecessor-version":[{"id":1679,"href":"https:\/\/spinbetter.games\/sl\/wp-json\/wp\/v2\/pages\/1658\/revisions\/1679"}],"wp:attachment":[{"href":"https:\/\/spinbetter.games\/sl\/wp-json\/wp\/v2\/media?parent=1658"}],"curies":[{"name":"wp","href":"https:\/\/api.w.org\/{rel}","templated":true}]}}