{"id":459,"date":"2024-10-11T12:53:54","date_gmt":"2024-10-11T12:53:54","guid":{"rendered":"https:\/\/spinbetter.games\/sl\/?page_id=459"},"modified":"2025-08-23T12:07:21","modified_gmt":"2025-08-23T12:07:21","slug":"sports","status":"publish","type":"page","link":"https:\/\/spinbetter.games\/sl\/sports\/","title":{"rendered":"\u0160port"},"content":{"rendered":"","protected":false},"excerpt":{"rendered":"","protected":false},"author":1,"featured_media":0,"parent":0,"menu_order":0,"comment_status":"closed","ping_status":"closed","template":"","meta":{"footnotes":""},"class_list":["post-459","page","type-page","status-publish","hentry"],"yoast_head":"<!-- This site is optimized with the Yoast SEO plugin v26.8 - https:\/\/yoast.com\/product\/yoast-seo-wordpress\/ -->\n<title>SpinBetter: spletne \u0161portne stave<\/title>\n<meta name=\"description\" content=\"SpinBetter je spletna platforma, ki ponuja visoke kvote za \u0161portne stave, stave v \u017eivo in \u0161iroko paleto \u0161portnih dogodkov. Za\u010dnite svojo pustolov\u0161\u010dino s \u0161portnimi stavami s Spin Better!\" \/>\n<meta name=\"robots\" content=\"index, follow, max-snippet:-1, max-image-preview:large, max-video-preview:-1\" \/>\n<link rel=\"canonical\" href=\"https:\/\/spinbetter.games\/sl\/sports\/\" \/>\n<meta property=\"og:locale\" content=\"sl_SI\" \/>\n<meta property=\"og:type\" content=\"article\" \/>\n<meta property=\"og:title\" content=\"SpinBetter: spletne \u0161portne stave\" \/>\n<meta property=\"og:description\" content=\"SpinBetter je spletna platforma, ki ponuja visoke kvote za \u0161portne stave, stave v \u017eivo in \u0161iroko paleto \u0161portnih dogodkov. Za\u010dnite svojo pustolov\u0161\u010dino s \u0161portnimi stavami s Spin Better!\" \/>\n<meta property=\"og:url\" content=\"https:\/\/spinbetter.games\/sl\/sports\/\" \/>\n<meta property=\"og:site_name\" content=\"SpinBetter SL\" \/>\n<meta property=\"article:modified_time\" content=\"2025-08-23T12:07:21+00:00\" \/>\n<meta name=\"twitter:card\" content=\"summary_large_image\" \/>\n<script type=\"application\/ld+json\" class=\"yoast-schema-graph\">{\"@context\":\"https:\/\/schema.org\",\"@graph\":[{\"@type\":\"WebPage\",\"@id\":\"https:\/\/spinbetter.games\/sl\/sports\/\",\"url\":\"https:\/\/spinbetter.games\/sl\/sports\/\",\"name\":\"SpinBetter: spletne \u0161portne stave\",\"isPartOf\":{\"@id\":\"https:\/\/spinbetter.games\/sl\/#website\"},\"datePublished\":\"2024-10-11T12:53:54+00:00\",\"dateModified\":\"2025-08-23T12:07:21+00:00\",\"description\":\"SpinBetter je spletna platforma, ki ponuja visoke kvote za \u0161portne stave, stave v \u017eivo in \u0161iroko paleto \u0161portnih dogodkov. Za\u010dnite svojo pustolov\u0161\u010dino s \u0161portnimi stavami s Spin Better!\",\"breadcrumb\":{\"@id\":\"https:\/\/spinbetter.games\/sl\/sports\/#breadcrumb\"},\"inLanguage\":\"sl-SI\",\"potentialAction\":[{\"@type\":\"ReadAction\",\"target\":[\"https:\/\/spinbetter.games\/sl\/sports\/\"]}]},{\"@type\":\"BreadcrumbList\",\"@id\":\"https:\/\/spinbetter.games\/sl\/sports\/#breadcrumb\",\"itemListElement\":[{\"@type\":\"ListItem\",\"position\":1,\"name\":\"\u0413\u043b\u0430\u0432\u043d\u0430\u044f \u0441\u0442\u0440\u0430\u043d\u0438\u0446\u0430\",\"item\":\"https:\/\/spinbetter.games\/sl\/\"},{\"@type\":\"ListItem\",\"position\":2,\"name\":\"\u0160port\"}]},{\"@type\":\"WebSite\",\"@id\":\"https:\/\/spinbetter.games\/sl\/#website\",\"url\":\"https:\/\/spinbetter.games\/sl\/\",\"name\":\"SpinBetter SL\",\"description\":\"\",\"potentialAction\":[{\"@type\":\"SearchAction\",\"target\":{\"@type\":\"EntryPoint\",\"urlTemplate\":\"https:\/\/spinbetter.games\/sl\/?s={search_term_string}\"},\"query-input\":{\"@type\":\"PropertyValueSpecification\",\"valueRequired\":true,\"valueName\":\"search_term_string\"}}],\"inLanguage\":\"sl-SI\"}]}<\/script>\n<!-- \/ Yoast SEO plugin. -->","yoast_head_json":{"title":"SpinBetter: spletne \u0161portne stave","description":"SpinBetter je spletna platforma, ki ponuja visoke kvote za \u0161portne stave, stave v \u017eivo in \u0161iroko paleto \u0161portnih dogodkov. Za\u010dnite svojo pustolov\u0161\u010dino s \u0161portnimi stavami s Spin Better!","robots":{"index":"index","follow":"follow","max-snippet":"max-snippet:-1","max-image-preview":"max-image-preview:large","max-video-preview":"max-video-preview:-1"},"canonical":"https:\/\/spinbetter.games\/sl\/sports\/","og_locale":"sl_SI","og_type":"article","og_title":"SpinBetter: spletne \u0161portne stave","og_description":"SpinBetter je spletna platforma, ki ponuja visoke kvote za \u0161portne stave, stave v \u017eivo in \u0161iroko paleto \u0161portnih dogodkov. Za\u010dnite svojo pustolov\u0161\u010dino s \u0161portnimi stavami s Spin Better!","og_url":"https:\/\/spinbetter.games\/sl\/sports\/","og_site_name":"SpinBetter SL","article_modified_time":"2025-08-23T12:07:21+00:00","twitter_card":"summary_large_image","schema":{"@context":"https:\/\/schema.org","@graph":[{"@type":"WebPage","@id":"https:\/\/spinbetter.games\/sl\/sports\/","url":"https:\/\/spinbetter.games\/sl\/sports\/","name":"SpinBetter: spletne \u0161portne stave","isPartOf":{"@id":"https:\/\/spinbetter.games\/sl\/#website"},"datePublished":"2024-10-11T12:53:54+00:00","dateModified":"2025-08-23T12:07:21+00:00","description":"SpinBetter je spletna platforma, ki ponuja visoke kvote za \u0161portne stave, stave v \u017eivo in \u0161iroko paleto \u0161portnih dogodkov. Za\u010dnite svojo pustolov\u0161\u010dino s \u0161portnimi stavami s Spin Better!","breadcrumb":{"@id":"https:\/\/spinbetter.games\/sl\/sports\/#breadcrumb"},"inLanguage":"sl-SI","potentialAction":[{"@type":"ReadAction","target":["https:\/\/spinbetter.games\/sl\/sports\/"]}]},{"@type":"BreadcrumbList","@id":"https:\/\/spinbetter.games\/sl\/sports\/#breadcrumb","itemListElement":[{"@type":"ListItem","position":1,"name":"\u0413\u043b\u0430\u0432\u043d\u0430\u044f \u0441\u0442\u0440\u0430\u043d\u0438\u0446\u0430","item":"https:\/\/spinbetter.games\/sl\/"},{"@type":"ListItem","position":2,"name":"\u0160port"}]},{"@type":"WebSite","@id":"https:\/\/spinbetter.games\/sl\/#website","url":"https:\/\/spinbetter.games\/sl\/","name":"SpinBetter SL","description":"","potentialAction":[{"@type":"SearchAction","target":{"@type":"EntryPoint","urlTemplate":"https:\/\/spinbetter.games\/sl\/?s={search_term_string}"},"query-input":{"@type":"PropertyValueSpecification","valueRequired":true,"valueName":"search_term_string"}}],"inLanguage":"sl-SI"}]}},"_links":{"self":[{"href":"https:\/\/spinbetter.games\/sl\/wp-json\/wp\/v2\/pages\/459","targetHints":{"allow":["GET"]}}],"collection":[{"href":"https:\/\/spinbetter.games\/sl\/wp-json\/wp\/v2\/pages"}],"about":[{"href":"https:\/\/spinbetter.games\/sl\/wp-json\/wp\/v2\/types\/page"}],"author":[{"embeddable":true,"href":"https:\/\/spinbetter.games\/sl\/wp-json\/wp\/v2\/users\/1"}],"replies":[{"embeddable":true,"href":"https:\/\/spinbetter.games\/sl\/wp-json\/wp\/v2\/comments?post=459"}],"version-history":[{"count":5,"href":"https:\/\/spinbetter.games\/sl\/wp-json\/wp\/v2\/pages\/459\/revisions"}],"predecessor-version":[{"id":1733,"href":"https:\/\/spinbetter.games\/sl\/wp-json\/wp\/v2\/pages\/459\/revisions\/1733"}],"wp:attachment":[{"href":"https:\/\/spinbetter.games\/sl\/wp-json\/wp\/v2\/media?parent=459"}],"curies":[{"name":"wp","href":"https:\/\/api.w.org\/{rel}","templated":true}]}}