{"id":566,"date":"2024-10-30T14:03:04","date_gmt":"2024-10-30T14:03:04","guid":{"rendered":"https:\/\/spinbetter.games\/sl\/?page_id=566"},"modified":"2025-08-23T06:36:40","modified_gmt":"2025-08-23T06:36:40","slug":"football","status":"publish","type":"page","link":"https:\/\/spinbetter.games\/sl\/football\/","title":{"rendered":"Nogomet"},"content":{"rendered":"","protected":false},"excerpt":{"rendered":"","protected":false},"author":1,"featured_media":0,"parent":0,"menu_order":0,"comment_status":"closed","ping_status":"closed","template":"","meta":{"footnotes":""},"class_list":["post-566","page","type-page","status-publish","hentry"],"yoast_head":"<!-- This site is optimized with the Yoast SEO plugin v26.8 - https:\/\/yoast.com\/product\/yoast-seo-wordpress\/ -->\n<title>SpinBetter stave na nogomet \u2714\ufe0f Visoke kvote<\/title>\n<meta name=\"description\" content=\"Spinbetter ponuja \u0161iroko paleto nogometnih stavnih dogodkov in trgov \u26a1 Nau\u010dite se staviti na nogomet in poi\u0161\u010dite najbolj\u0161e kvote na Spin Better \u26bd Pridobite profesionalne nasvete za stave na nogomet\" \/>\n<meta name=\"robots\" content=\"index, follow, max-snippet:-1, max-image-preview:large, max-video-preview:-1\" \/>\n<link rel=\"canonical\" href=\"https:\/\/spinbetter.games\/sl\/football\/\" \/>\n<meta property=\"og:locale\" content=\"sl_SI\" \/>\n<meta property=\"og:type\" content=\"article\" \/>\n<meta property=\"og:title\" content=\"SpinBetter stave na nogomet \u2714\ufe0f Visoke kvote\" \/>\n<meta property=\"og:description\" content=\"Spinbetter ponuja \u0161iroko paleto nogometnih stavnih dogodkov in trgov \u26a1 Nau\u010dite se staviti na nogomet in poi\u0161\u010dite najbolj\u0161e kvote na Spin Better \u26bd Pridobite profesionalne nasvete za stave na nogomet\" \/>\n<meta property=\"og:url\" content=\"https:\/\/spinbetter.games\/sl\/football\/\" \/>\n<meta property=\"og:site_name\" content=\"SpinBetter SL\" \/>\n<meta property=\"article:modified_time\" content=\"2025-08-23T06:36:40+00:00\" \/>\n<meta name=\"twitter:card\" content=\"summary_large_image\" \/>\n<script type=\"application\/ld+json\" class=\"yoast-schema-graph\">{\"@context\":\"https:\/\/schema.org\",\"@graph\":[{\"@type\":\"WebPage\",\"@id\":\"https:\/\/spinbetter.games\/sl\/football\/\",\"url\":\"https:\/\/spinbetter.games\/sl\/football\/\",\"name\":\"SpinBetter stave na nogomet \u2714\ufe0f Visoke kvote\",\"isPartOf\":{\"@id\":\"https:\/\/spinbetter.games\/sl\/#website\"},\"datePublished\":\"2024-10-30T14:03:04+00:00\",\"dateModified\":\"2025-08-23T06:36:40+00:00\",\"description\":\"Spinbetter ponuja \u0161iroko paleto nogometnih stavnih dogodkov in trgov \u26a1 Nau\u010dite se staviti na nogomet in poi\u0161\u010dite najbolj\u0161e kvote na Spin Better \u26bd Pridobite profesionalne nasvete za stave na nogomet\",\"breadcrumb\":{\"@id\":\"https:\/\/spinbetter.games\/sl\/football\/#breadcrumb\"},\"inLanguage\":\"sl-SI\",\"potentialAction\":[{\"@type\":\"ReadAction\",\"target\":[\"https:\/\/spinbetter.games\/sl\/football\/\"]}]},{\"@type\":\"BreadcrumbList\",\"@id\":\"https:\/\/spinbetter.games\/sl\/football\/#breadcrumb\",\"itemListElement\":[{\"@type\":\"ListItem\",\"position\":1,\"name\":\"\u0413\u043b\u0430\u0432\u043d\u0430\u044f \u0441\u0442\u0440\u0430\u043d\u0438\u0446\u0430\",\"item\":\"https:\/\/spinbetter.games\/sl\/\"},{\"@type\":\"ListItem\",\"position\":2,\"name\":\"Nogomet\"}]},{\"@type\":\"WebSite\",\"@id\":\"https:\/\/spinbetter.games\/sl\/#website\",\"url\":\"https:\/\/spinbetter.games\/sl\/\",\"name\":\"SpinBetter SL\",\"description\":\"\",\"potentialAction\":[{\"@type\":\"SearchAction\",\"target\":{\"@type\":\"EntryPoint\",\"urlTemplate\":\"https:\/\/spinbetter.games\/sl\/?s={search_term_string}\"},\"query-input\":{\"@type\":\"PropertyValueSpecification\",\"valueRequired\":true,\"valueName\":\"search_term_string\"}}],\"inLanguage\":\"sl-SI\"}]}<\/script>\n<!-- \/ Yoast SEO plugin. -->","yoast_head_json":{"title":"SpinBetter stave na nogomet \u2714\ufe0f Visoke kvote","description":"Spinbetter ponuja \u0161iroko paleto nogometnih stavnih dogodkov in trgov \u26a1 Nau\u010dite se staviti na nogomet in poi\u0161\u010dite najbolj\u0161e kvote na Spin Better \u26bd Pridobite profesionalne nasvete za stave na nogomet","robots":{"index":"index","follow":"follow","max-snippet":"max-snippet:-1","max-image-preview":"max-image-preview:large","max-video-preview":"max-video-preview:-1"},"canonical":"https:\/\/spinbetter.games\/sl\/football\/","og_locale":"sl_SI","og_type":"article","og_title":"SpinBetter stave na nogomet \u2714\ufe0f Visoke kvote","og_description":"Spinbetter ponuja \u0161iroko paleto nogometnih stavnih dogodkov in trgov \u26a1 Nau\u010dite se staviti na nogomet in poi\u0161\u010dite najbolj\u0161e kvote na Spin Better \u26bd Pridobite profesionalne nasvete za stave na nogomet","og_url":"https:\/\/spinbetter.games\/sl\/football\/","og_site_name":"SpinBetter SL","article_modified_time":"2025-08-23T06:36:40+00:00","twitter_card":"summary_large_image","schema":{"@context":"https:\/\/schema.org","@graph":[{"@type":"WebPage","@id":"https:\/\/spinbetter.games\/sl\/football\/","url":"https:\/\/spinbetter.games\/sl\/football\/","name":"SpinBetter stave na nogomet \u2714\ufe0f Visoke kvote","isPartOf":{"@id":"https:\/\/spinbetter.games\/sl\/#website"},"datePublished":"2024-10-30T14:03:04+00:00","dateModified":"2025-08-23T06:36:40+00:00","description":"Spinbetter ponuja \u0161iroko paleto nogometnih stavnih dogodkov in trgov \u26a1 Nau\u010dite se staviti na nogomet in poi\u0161\u010dite najbolj\u0161e kvote na Spin Better \u26bd Pridobite profesionalne nasvete za stave na nogomet","breadcrumb":{"@id":"https:\/\/spinbetter.games\/sl\/football\/#breadcrumb"},"inLanguage":"sl-SI","potentialAction":[{"@type":"ReadAction","target":["https:\/\/spinbetter.games\/sl\/football\/"]}]},{"@type":"BreadcrumbList","@id":"https:\/\/spinbetter.games\/sl\/football\/#breadcrumb","itemListElement":[{"@type":"ListItem","position":1,"name":"\u0413\u043b\u0430\u0432\u043d\u0430\u044f \u0441\u0442\u0440\u0430\u043d\u0438\u0446\u0430","item":"https:\/\/spinbetter.games\/sl\/"},{"@type":"ListItem","position":2,"name":"Nogomet"}]},{"@type":"WebSite","@id":"https:\/\/spinbetter.games\/sl\/#website","url":"https:\/\/spinbetter.games\/sl\/","name":"SpinBetter SL","description":"","potentialAction":[{"@type":"SearchAction","target":{"@type":"EntryPoint","urlTemplate":"https:\/\/spinbetter.games\/sl\/?s={search_term_string}"},"query-input":{"@type":"PropertyValueSpecification","valueRequired":true,"valueName":"search_term_string"}}],"inLanguage":"sl-SI"}]}},"_links":{"self":[{"href":"https:\/\/spinbetter.games\/sl\/wp-json\/wp\/v2\/pages\/566","targetHints":{"allow":["GET"]}}],"collection":[{"href":"https:\/\/spinbetter.games\/sl\/wp-json\/wp\/v2\/pages"}],"about":[{"href":"https:\/\/spinbetter.games\/sl\/wp-json\/wp\/v2\/types\/page"}],"author":[{"embeddable":true,"href":"https:\/\/spinbetter.games\/sl\/wp-json\/wp\/v2\/users\/1"}],"replies":[{"embeddable":true,"href":"https:\/\/spinbetter.games\/sl\/wp-json\/wp\/v2\/comments?post=566"}],"version-history":[{"count":4,"href":"https:\/\/spinbetter.games\/sl\/wp-json\/wp\/v2\/pages\/566\/revisions"}],"predecessor-version":[{"id":1719,"href":"https:\/\/spinbetter.games\/sl\/wp-json\/wp\/v2\/pages\/566\/revisions\/1719"}],"wp:attachment":[{"href":"https:\/\/spinbetter.games\/sl\/wp-json\/wp\/v2\/media?parent=566"}],"curies":[{"name":"wp","href":"https:\/\/api.w.org\/{rel}","templated":true}]}}