{"id":566,"date":"2024-10-30T14:03:04","date_gmt":"2024-10-30T14:03:04","guid":{"rendered":"https:\/\/spinbetter.games\/sv\/?page_id=566"},"modified":"2025-03-19T15:47:23","modified_gmt":"2025-03-19T15:47:23","slug":"football","status":"publish","type":"page","link":"https:\/\/spinbetter.games\/sv\/football\/","title":{"rendered":"Fotboll"},"content":{"rendered":"","protected":false},"excerpt":{"rendered":"","protected":false},"author":1,"featured_media":0,"parent":0,"menu_order":0,"comment_status":"closed","ping_status":"closed","template":"","meta":{"footnotes":""},"class_list":["post-566","page","type-page","status-publish","hentry"],"yoast_head":"<!-- This site is optimized with the Yoast SEO plugin v26.8 - https:\/\/yoast.com\/product\/yoast-seo-wordpress\/ -->\n<title>SpinBetter Sverige Fotbollsbetting \u2714\ufe0f H\u00f6ga odds<\/title>\n<meta name=\"description\" content=\"Spinbetter erbjuder ett brett utbud av fotbollsspel och marknader \u26a1 L\u00e4r dig hur du satsar p\u00e5 fotboll och hittar de b\u00e4sta oddsen p\u00e5 Spin Better \u26bd F\u00e5 professionella tips p\u00e5 fotbollsspel\" \/>\n<meta name=\"robots\" content=\"index, follow, max-snippet:-1, max-image-preview:large, max-video-preview:-1\" \/>\n<link rel=\"canonical\" href=\"https:\/\/spinbetter.games\/sv\/football\/\" \/>\n<meta property=\"og:locale\" content=\"sv_SE\" \/>\n<meta property=\"og:type\" content=\"article\" \/>\n<meta property=\"og:title\" content=\"SpinBetter Sverige Fotbollsbetting \u2714\ufe0f H\u00f6ga odds\" \/>\n<meta property=\"og:description\" content=\"Spinbetter erbjuder ett brett utbud av fotbollsspel och marknader \u26a1 L\u00e4r dig hur du satsar p\u00e5 fotboll och hittar de b\u00e4sta oddsen p\u00e5 Spin Better \u26bd F\u00e5 professionella tips p\u00e5 fotbollsspel\" \/>\n<meta property=\"og:url\" content=\"https:\/\/spinbetter.games\/sv\/football\/\" \/>\n<meta property=\"og:site_name\" content=\"Spinbetter Games sv\" \/>\n<meta property=\"article:modified_time\" content=\"2025-03-19T15:47:23+00:00\" \/>\n<meta name=\"twitter:card\" content=\"summary_large_image\" \/>\n<script type=\"application\/ld+json\" class=\"yoast-schema-graph\">{\"@context\":\"https:\/\/schema.org\",\"@graph\":[{\"@type\":\"WebPage\",\"@id\":\"https:\/\/spinbetter.games\/sv\/football\/\",\"url\":\"https:\/\/spinbetter.games\/sv\/football\/\",\"name\":\"SpinBetter Sverige Fotbollsbetting \u2714\ufe0f H\u00f6ga odds\",\"isPartOf\":{\"@id\":\"https:\/\/spinbetter.games\/sv\/#website\"},\"datePublished\":\"2024-10-30T14:03:04+00:00\",\"dateModified\":\"2025-03-19T15:47:23+00:00\",\"description\":\"Spinbetter erbjuder ett brett utbud av fotbollsspel och marknader \u26a1 L\u00e4r dig hur du satsar p\u00e5 fotboll och hittar de b\u00e4sta oddsen p\u00e5 Spin Better \u26bd F\u00e5 professionella tips p\u00e5 fotbollsspel\",\"breadcrumb\":{\"@id\":\"https:\/\/spinbetter.games\/sv\/football\/#breadcrumb\"},\"inLanguage\":\"sv-SE\",\"potentialAction\":[{\"@type\":\"ReadAction\",\"target\":[\"https:\/\/spinbetter.games\/sv\/football\/\"]}]},{\"@type\":\"BreadcrumbList\",\"@id\":\"https:\/\/spinbetter.games\/sv\/football\/#breadcrumb\",\"itemListElement\":[{\"@type\":\"ListItem\",\"position\":1,\"name\":\"\u0413\u043b\u0430\u0432\u043d\u0430\u044f \u0441\u0442\u0440\u0430\u043d\u0438\u0446\u0430\",\"item\":\"https:\/\/spinbetter.games\/sv\/\"},{\"@type\":\"ListItem\",\"position\":2,\"name\":\"Fotboll\"}]},{\"@type\":\"WebSite\",\"@id\":\"https:\/\/spinbetter.games\/sv\/#website\",\"url\":\"https:\/\/spinbetter.games\/sv\/\",\"name\":\"Spinbetter Games sv\",\"description\":\"My WordPress Blog\",\"potentialAction\":[{\"@type\":\"SearchAction\",\"target\":{\"@type\":\"EntryPoint\",\"urlTemplate\":\"https:\/\/spinbetter.games\/sv\/?s={search_term_string}\"},\"query-input\":{\"@type\":\"PropertyValueSpecification\",\"valueRequired\":true,\"valueName\":\"search_term_string\"}}],\"inLanguage\":\"sv-SE\"}]}<\/script>\n<!-- \/ Yoast SEO plugin. -->","yoast_head_json":{"title":"SpinBetter Sverige Fotbollsbetting \u2714\ufe0f H\u00f6ga odds","description":"Spinbetter erbjuder ett brett utbud av fotbollsspel och marknader \u26a1 L\u00e4r dig hur du satsar p\u00e5 fotboll och hittar de b\u00e4sta oddsen p\u00e5 Spin Better \u26bd F\u00e5 professionella tips p\u00e5 fotbollsspel","robots":{"index":"index","follow":"follow","max-snippet":"max-snippet:-1","max-image-preview":"max-image-preview:large","max-video-preview":"max-video-preview:-1"},"canonical":"https:\/\/spinbetter.games\/sv\/football\/","og_locale":"sv_SE","og_type":"article","og_title":"SpinBetter Sverige Fotbollsbetting \u2714\ufe0f H\u00f6ga odds","og_description":"Spinbetter erbjuder ett brett utbud av fotbollsspel och marknader \u26a1 L\u00e4r dig hur du satsar p\u00e5 fotboll och hittar de b\u00e4sta oddsen p\u00e5 Spin Better \u26bd F\u00e5 professionella tips p\u00e5 fotbollsspel","og_url":"https:\/\/spinbetter.games\/sv\/football\/","og_site_name":"Spinbetter Games sv","article_modified_time":"2025-03-19T15:47:23+00:00","twitter_card":"summary_large_image","schema":{"@context":"https:\/\/schema.org","@graph":[{"@type":"WebPage","@id":"https:\/\/spinbetter.games\/sv\/football\/","url":"https:\/\/spinbetter.games\/sv\/football\/","name":"SpinBetter Sverige Fotbollsbetting \u2714\ufe0f H\u00f6ga odds","isPartOf":{"@id":"https:\/\/spinbetter.games\/sv\/#website"},"datePublished":"2024-10-30T14:03:04+00:00","dateModified":"2025-03-19T15:47:23+00:00","description":"Spinbetter erbjuder ett brett utbud av fotbollsspel och marknader \u26a1 L\u00e4r dig hur du satsar p\u00e5 fotboll och hittar de b\u00e4sta oddsen p\u00e5 Spin Better \u26bd F\u00e5 professionella tips p\u00e5 fotbollsspel","breadcrumb":{"@id":"https:\/\/spinbetter.games\/sv\/football\/#breadcrumb"},"inLanguage":"sv-SE","potentialAction":[{"@type":"ReadAction","target":["https:\/\/spinbetter.games\/sv\/football\/"]}]},{"@type":"BreadcrumbList","@id":"https:\/\/spinbetter.games\/sv\/football\/#breadcrumb","itemListElement":[{"@type":"ListItem","position":1,"name":"\u0413\u043b\u0430\u0432\u043d\u0430\u044f \u0441\u0442\u0440\u0430\u043d\u0438\u0446\u0430","item":"https:\/\/spinbetter.games\/sv\/"},{"@type":"ListItem","position":2,"name":"Fotboll"}]},{"@type":"WebSite","@id":"https:\/\/spinbetter.games\/sv\/#website","url":"https:\/\/spinbetter.games\/sv\/","name":"Spinbetter Games sv","description":"My WordPress Blog","potentialAction":[{"@type":"SearchAction","target":{"@type":"EntryPoint","urlTemplate":"https:\/\/spinbetter.games\/sv\/?s={search_term_string}"},"query-input":{"@type":"PropertyValueSpecification","valueRequired":true,"valueName":"search_term_string"}}],"inLanguage":"sv-SE"}]}},"_links":{"self":[{"href":"https:\/\/spinbetter.games\/sv\/wp-json\/wp\/v2\/pages\/566","targetHints":{"allow":["GET"]}}],"collection":[{"href":"https:\/\/spinbetter.games\/sv\/wp-json\/wp\/v2\/pages"}],"about":[{"href":"https:\/\/spinbetter.games\/sv\/wp-json\/wp\/v2\/types\/page"}],"author":[{"embeddable":true,"href":"https:\/\/spinbetter.games\/sv\/wp-json\/wp\/v2\/users\/1"}],"replies":[{"embeddable":true,"href":"https:\/\/spinbetter.games\/sv\/wp-json\/wp\/v2\/comments?post=566"}],"version-history":[{"count":3,"href":"https:\/\/spinbetter.games\/sv\/wp-json\/wp\/v2\/pages\/566\/revisions"}],"predecessor-version":[{"id":1032,"href":"https:\/\/spinbetter.games\/sv\/wp-json\/wp\/v2\/pages\/566\/revisions\/1032"}],"wp:attachment":[{"href":"https:\/\/spinbetter.games\/sv\/wp-json\/wp\/v2\/media?parent=566"}],"curies":[{"name":"wp","href":"https:\/\/api.w.org\/{rel}","templated":true}]}}