{"id":228,"date":"2024-04-30T13:54:42","date_gmt":"2024-04-30T13:54:42","guid":{"rendered":"https:\/\/spinbetter.games\/switzerland\/?page_id=228"},"modified":"2024-10-15T08:25:38","modified_gmt":"2024-10-15T08:25:38","slug":"app","status":"publish","type":"page","link":"https:\/\/spinbetter.games\/switzerland\/app\/","title":{"rendered":"App"},"content":{"rendered":"","protected":false},"excerpt":{"rendered":"","protected":false},"author":1,"featured_media":0,"parent":0,"menu_order":0,"comment_status":"closed","ping_status":"closed","template":"","meta":{"footnotes":""},"class_list":["post-228","page","type-page","status-publish","hentry"],"yoast_head":"<!-- This site is optimized with the Yoast SEO plugin v26.8 - https:\/\/yoast.com\/product\/yoast-seo-wordpress\/ -->\n<title>SpinBetter App \u2705 Download f\u00fcr Android und iOS Kostenlos<\/title>\n<meta name=\"description\" content=\"Die mobile Version von Spinbetter Schweiz bietet Ihnen die M\u00f6glichkeit, jederzeit und \u00fcberall auf Ihre Lieblingsunterhaltung zuzugreifen. Genie\u00dfen Sie die mobilen Vorteile von Spinbetter\" \/>\n<meta name=\"robots\" content=\"index, follow, max-snippet:-1, max-image-preview:large, max-video-preview:-1\" \/>\n<link rel=\"canonical\" href=\"https:\/\/spinbetter.games\/switzerland\/app\/\" \/>\n<meta property=\"og:locale\" content=\"de_DE\" \/>\n<meta property=\"og:type\" content=\"article\" \/>\n<meta property=\"og:title\" content=\"SpinBetter App \u2705 Download f\u00fcr Android und iOS Kostenlos\" \/>\n<meta property=\"og:description\" content=\"Die mobile Version von Spinbetter Schweiz bietet Ihnen die M\u00f6glichkeit, jederzeit und \u00fcberall auf Ihre Lieblingsunterhaltung zuzugreifen. Genie\u00dfen Sie die mobilen Vorteile von Spinbetter\" \/>\n<meta property=\"og:url\" content=\"https:\/\/spinbetter.games\/switzerland\/app\/\" \/>\n<meta property=\"og:site_name\" content=\"SpinBetter ch\" \/>\n<meta property=\"article:modified_time\" content=\"2024-10-15T08:25:38+00:00\" \/>\n<meta name=\"twitter:card\" content=\"summary_large_image\" \/>\n<script type=\"application\/ld+json\" class=\"yoast-schema-graph\">{\"@context\":\"https:\/\/schema.org\",\"@graph\":[{\"@type\":\"WebPage\",\"@id\":\"https:\/\/spinbetter.games\/switzerland\/app\/\",\"url\":\"https:\/\/spinbetter.games\/switzerland\/app\/\",\"name\":\"SpinBetter App \u2705 Download f\u00fcr Android und iOS Kostenlos\",\"isPartOf\":{\"@id\":\"https:\/\/spinbetter.games\/switzerland\/#website\"},\"datePublished\":\"2024-04-30T13:54:42+00:00\",\"dateModified\":\"2024-10-15T08:25:38+00:00\",\"description\":\"Die mobile Version von Spinbetter Schweiz bietet Ihnen die M\u00f6glichkeit, jederzeit und \u00fcberall auf Ihre Lieblingsunterhaltung zuzugreifen. Genie\u00dfen Sie die mobilen Vorteile von Spinbetter\",\"breadcrumb\":{\"@id\":\"https:\/\/spinbetter.games\/switzerland\/app\/#breadcrumb\"},\"inLanguage\":\"de-CH\",\"potentialAction\":[{\"@type\":\"ReadAction\",\"target\":[\"https:\/\/spinbetter.games\/switzerland\/app\/\"]}]},{\"@type\":\"BreadcrumbList\",\"@id\":\"https:\/\/spinbetter.games\/switzerland\/app\/#breadcrumb\",\"itemListElement\":[{\"@type\":\"ListItem\",\"position\":1,\"name\":\"\u0413\u043b\u0430\u0432\u043d\u0430\u044f \u0441\u0442\u0440\u0430\u043d\u0438\u0446\u0430\",\"item\":\"https:\/\/spinbetter.games\/switzerland\/\"},{\"@type\":\"ListItem\",\"position\":2,\"name\":\"App\"}]},{\"@type\":\"WebSite\",\"@id\":\"https:\/\/spinbetter.games\/switzerland\/#website\",\"url\":\"https:\/\/spinbetter.games\/switzerland\/\",\"name\":\"SpinBetter ch\",\"description\":\"My WordPress Blog\",\"potentialAction\":[{\"@type\":\"SearchAction\",\"target\":{\"@type\":\"EntryPoint\",\"urlTemplate\":\"https:\/\/spinbetter.games\/switzerland\/?s={search_term_string}\"},\"query-input\":{\"@type\":\"PropertyValueSpecification\",\"valueRequired\":true,\"valueName\":\"search_term_string\"}}],\"inLanguage\":\"de-CH\"}]}<\/script>\n<!-- \/ Yoast SEO plugin. -->","yoast_head_json":{"title":"SpinBetter App \u2705 Download f\u00fcr Android und iOS Kostenlos","description":"Die mobile Version von Spinbetter Schweiz bietet Ihnen die M\u00f6glichkeit, jederzeit und \u00fcberall auf Ihre Lieblingsunterhaltung zuzugreifen. Genie\u00dfen Sie die mobilen Vorteile von Spinbetter","robots":{"index":"index","follow":"follow","max-snippet":"max-snippet:-1","max-image-preview":"max-image-preview:large","max-video-preview":"max-video-preview:-1"},"canonical":"https:\/\/spinbetter.games\/switzerland\/app\/","og_locale":"de_DE","og_type":"article","og_title":"SpinBetter App \u2705 Download f\u00fcr Android und iOS Kostenlos","og_description":"Die mobile Version von Spinbetter Schweiz bietet Ihnen die M\u00f6glichkeit, jederzeit und \u00fcberall auf Ihre Lieblingsunterhaltung zuzugreifen. Genie\u00dfen Sie die mobilen Vorteile von Spinbetter","og_url":"https:\/\/spinbetter.games\/switzerland\/app\/","og_site_name":"SpinBetter ch","article_modified_time":"2024-10-15T08:25:38+00:00","twitter_card":"summary_large_image","schema":{"@context":"https:\/\/schema.org","@graph":[{"@type":"WebPage","@id":"https:\/\/spinbetter.games\/switzerland\/app\/","url":"https:\/\/spinbetter.games\/switzerland\/app\/","name":"SpinBetter App \u2705 Download f\u00fcr Android und iOS Kostenlos","isPartOf":{"@id":"https:\/\/spinbetter.games\/switzerland\/#website"},"datePublished":"2024-04-30T13:54:42+00:00","dateModified":"2024-10-15T08:25:38+00:00","description":"Die mobile Version von Spinbetter Schweiz bietet Ihnen die M\u00f6glichkeit, jederzeit und \u00fcberall auf Ihre Lieblingsunterhaltung zuzugreifen. Genie\u00dfen Sie die mobilen Vorteile von Spinbetter","breadcrumb":{"@id":"https:\/\/spinbetter.games\/switzerland\/app\/#breadcrumb"},"inLanguage":"de-CH","potentialAction":[{"@type":"ReadAction","target":["https:\/\/spinbetter.games\/switzerland\/app\/"]}]},{"@type":"BreadcrumbList","@id":"https:\/\/spinbetter.games\/switzerland\/app\/#breadcrumb","itemListElement":[{"@type":"ListItem","position":1,"name":"\u0413\u043b\u0430\u0432\u043d\u0430\u044f \u0441\u0442\u0440\u0430\u043d\u0438\u0446\u0430","item":"https:\/\/spinbetter.games\/switzerland\/"},{"@type":"ListItem","position":2,"name":"App"}]},{"@type":"WebSite","@id":"https:\/\/spinbetter.games\/switzerland\/#website","url":"https:\/\/spinbetter.games\/switzerland\/","name":"SpinBetter ch","description":"My WordPress Blog","potentialAction":[{"@type":"SearchAction","target":{"@type":"EntryPoint","urlTemplate":"https:\/\/spinbetter.games\/switzerland\/?s={search_term_string}"},"query-input":{"@type":"PropertyValueSpecification","valueRequired":true,"valueName":"search_term_string"}}],"inLanguage":"de-CH"}]}},"_links":{"self":[{"href":"https:\/\/spinbetter.games\/switzerland\/wp-json\/wp\/v2\/pages\/228","targetHints":{"allow":["GET"]}}],"collection":[{"href":"https:\/\/spinbetter.games\/switzerland\/wp-json\/wp\/v2\/pages"}],"about":[{"href":"https:\/\/spinbetter.games\/switzerland\/wp-json\/wp\/v2\/types\/page"}],"author":[{"embeddable":true,"href":"https:\/\/spinbetter.games\/switzerland\/wp-json\/wp\/v2\/users\/1"}],"replies":[{"embeddable":true,"href":"https:\/\/spinbetter.games\/switzerland\/wp-json\/wp\/v2\/comments?post=228"}],"version-history":[{"count":21,"href":"https:\/\/spinbetter.games\/switzerland\/wp-json\/wp\/v2\/pages\/228\/revisions"}],"predecessor-version":[{"id":631,"href":"https:\/\/spinbetter.games\/switzerland\/wp-json\/wp\/v2\/pages\/228\/revisions\/631"}],"wp:attachment":[{"href":"https:\/\/spinbetter.games\/switzerland\/wp-json\/wp\/v2\/media?parent=228"}],"curies":[{"name":"wp","href":"https:\/\/api.w.org\/{rel}","templated":true}]}}