{"id":566,"date":"2024-09-30T14:03:04","date_gmt":"2024-09-30T14:03:04","guid":{"rendered":"https:\/\/spinbetter.games\/switzerland\/?page_id=566"},"modified":"2024-10-15T09:24:28","modified_gmt":"2024-10-15T09:24:28","slug":"football","status":"publish","type":"page","link":"https:\/\/spinbetter.games\/switzerland\/football\/","title":{"rendered":"Fu\u00dfball"},"content":{"rendered":"","protected":false},"excerpt":{"rendered":"","protected":false},"author":1,"featured_media":0,"parent":0,"menu_order":0,"comment_status":"closed","ping_status":"closed","template":"","meta":{"footnotes":""},"class_list":["post-566","page","type-page","status-publish","hentry"],"yoast_head":"<!-- This site is optimized with the Yoast SEO plugin v26.8 - https:\/\/yoast.com\/product\/yoast-seo-wordpress\/ -->\n<title>SpinBetter Schweiz Fu\u00dfballwetten \u2714\ufe0f Hohe Quoten<\/title>\n<meta name=\"description\" content=\"Spinbetter bietet eine gro\u00dfe Auswahl an Fu\u00dfballwetten und M\u00e4rkten \u26a1 Lernen Sie, wie man auf Fu\u00dfball wettet und finden Sie die besten Quoten bei Spin Better \u26bd Holen Sie sich professionelle Fu\u00dfballwetten Tipps\" \/>\n<meta name=\"robots\" content=\"index, follow, max-snippet:-1, max-image-preview:large, max-video-preview:-1\" \/>\n<link rel=\"canonical\" href=\"https:\/\/spinbetter.games\/switzerland\/football\/\" \/>\n<meta property=\"og:locale\" content=\"de_DE\" \/>\n<meta property=\"og:type\" content=\"article\" \/>\n<meta property=\"og:title\" content=\"SpinBetter Schweiz Fu\u00dfballwetten \u2714\ufe0f Hohe Quoten\" \/>\n<meta property=\"og:description\" content=\"Spinbetter bietet eine gro\u00dfe Auswahl an Fu\u00dfballwetten und M\u00e4rkten \u26a1 Lernen Sie, wie man auf Fu\u00dfball wettet und finden Sie die besten Quoten bei Spin Better \u26bd Holen Sie sich professionelle Fu\u00dfballwetten Tipps\" \/>\n<meta property=\"og:url\" content=\"https:\/\/spinbetter.games\/switzerland\/football\/\" \/>\n<meta property=\"og:site_name\" content=\"SpinBetter ch\" \/>\n<meta property=\"article:modified_time\" content=\"2024-10-15T09:24:28+00:00\" \/>\n<meta name=\"twitter:card\" content=\"summary_large_image\" \/>\n<script type=\"application\/ld+json\" class=\"yoast-schema-graph\">{\"@context\":\"https:\/\/schema.org\",\"@graph\":[{\"@type\":\"WebPage\",\"@id\":\"https:\/\/spinbetter.games\/switzerland\/football\/\",\"url\":\"https:\/\/spinbetter.games\/switzerland\/football\/\",\"name\":\"SpinBetter Schweiz Fu\u00dfballwetten \u2714\ufe0f Hohe Quoten\",\"isPartOf\":{\"@id\":\"https:\/\/spinbetter.games\/switzerland\/#website\"},\"datePublished\":\"2024-09-30T14:03:04+00:00\",\"dateModified\":\"2024-10-15T09:24:28+00:00\",\"description\":\"Spinbetter bietet eine gro\u00dfe Auswahl an Fu\u00dfballwetten und M\u00e4rkten \u26a1 Lernen Sie, wie man auf Fu\u00dfball wettet und finden Sie die besten Quoten bei Spin Better \u26bd Holen Sie sich professionelle Fu\u00dfballwetten Tipps\",\"breadcrumb\":{\"@id\":\"https:\/\/spinbetter.games\/switzerland\/football\/#breadcrumb\"},\"inLanguage\":\"de-CH\",\"potentialAction\":[{\"@type\":\"ReadAction\",\"target\":[\"https:\/\/spinbetter.games\/switzerland\/football\/\"]}]},{\"@type\":\"BreadcrumbList\",\"@id\":\"https:\/\/spinbetter.games\/switzerland\/football\/#breadcrumb\",\"itemListElement\":[{\"@type\":\"ListItem\",\"position\":1,\"name\":\"\u0413\u043b\u0430\u0432\u043d\u0430\u044f \u0441\u0442\u0440\u0430\u043d\u0438\u0446\u0430\",\"item\":\"https:\/\/spinbetter.games\/switzerland\/\"},{\"@type\":\"ListItem\",\"position\":2,\"name\":\"Fu\u00dfball\"}]},{\"@type\":\"WebSite\",\"@id\":\"https:\/\/spinbetter.games\/switzerland\/#website\",\"url\":\"https:\/\/spinbetter.games\/switzerland\/\",\"name\":\"SpinBetter ch\",\"description\":\"My WordPress Blog\",\"potentialAction\":[{\"@type\":\"SearchAction\",\"target\":{\"@type\":\"EntryPoint\",\"urlTemplate\":\"https:\/\/spinbetter.games\/switzerland\/?s={search_term_string}\"},\"query-input\":{\"@type\":\"PropertyValueSpecification\",\"valueRequired\":true,\"valueName\":\"search_term_string\"}}],\"inLanguage\":\"de-CH\"}]}<\/script>\n<!-- \/ Yoast SEO plugin. -->","yoast_head_json":{"title":"SpinBetter Schweiz Fu\u00dfballwetten \u2714\ufe0f Hohe Quoten","description":"Spinbetter bietet eine gro\u00dfe Auswahl an Fu\u00dfballwetten und M\u00e4rkten \u26a1 Lernen Sie, wie man auf Fu\u00dfball wettet und finden Sie die besten Quoten bei Spin Better \u26bd Holen Sie sich professionelle Fu\u00dfballwetten Tipps","robots":{"index":"index","follow":"follow","max-snippet":"max-snippet:-1","max-image-preview":"max-image-preview:large","max-video-preview":"max-video-preview:-1"},"canonical":"https:\/\/spinbetter.games\/switzerland\/football\/","og_locale":"de_DE","og_type":"article","og_title":"SpinBetter Schweiz Fu\u00dfballwetten \u2714\ufe0f Hohe Quoten","og_description":"Spinbetter bietet eine gro\u00dfe Auswahl an Fu\u00dfballwetten und M\u00e4rkten \u26a1 Lernen Sie, wie man auf Fu\u00dfball wettet und finden Sie die besten Quoten bei Spin Better \u26bd Holen Sie sich professionelle Fu\u00dfballwetten Tipps","og_url":"https:\/\/spinbetter.games\/switzerland\/football\/","og_site_name":"SpinBetter ch","article_modified_time":"2024-10-15T09:24:28+00:00","twitter_card":"summary_large_image","schema":{"@context":"https:\/\/schema.org","@graph":[{"@type":"WebPage","@id":"https:\/\/spinbetter.games\/switzerland\/football\/","url":"https:\/\/spinbetter.games\/switzerland\/football\/","name":"SpinBetter Schweiz Fu\u00dfballwetten \u2714\ufe0f Hohe Quoten","isPartOf":{"@id":"https:\/\/spinbetter.games\/switzerland\/#website"},"datePublished":"2024-09-30T14:03:04+00:00","dateModified":"2024-10-15T09:24:28+00:00","description":"Spinbetter bietet eine gro\u00dfe Auswahl an Fu\u00dfballwetten und M\u00e4rkten \u26a1 Lernen Sie, wie man auf Fu\u00dfball wettet und finden Sie die besten Quoten bei Spin Better \u26bd Holen Sie sich professionelle Fu\u00dfballwetten Tipps","breadcrumb":{"@id":"https:\/\/spinbetter.games\/switzerland\/football\/#breadcrumb"},"inLanguage":"de-CH","potentialAction":[{"@type":"ReadAction","target":["https:\/\/spinbetter.games\/switzerland\/football\/"]}]},{"@type":"BreadcrumbList","@id":"https:\/\/spinbetter.games\/switzerland\/football\/#breadcrumb","itemListElement":[{"@type":"ListItem","position":1,"name":"\u0413\u043b\u0430\u0432\u043d\u0430\u044f \u0441\u0442\u0440\u0430\u043d\u0438\u0446\u0430","item":"https:\/\/spinbetter.games\/switzerland\/"},{"@type":"ListItem","position":2,"name":"Fu\u00dfball"}]},{"@type":"WebSite","@id":"https:\/\/spinbetter.games\/switzerland\/#website","url":"https:\/\/spinbetter.games\/switzerland\/","name":"SpinBetter ch","description":"My WordPress Blog","potentialAction":[{"@type":"SearchAction","target":{"@type":"EntryPoint","urlTemplate":"https:\/\/spinbetter.games\/switzerland\/?s={search_term_string}"},"query-input":{"@type":"PropertyValueSpecification","valueRequired":true,"valueName":"search_term_string"}}],"inLanguage":"de-CH"}]}},"_links":{"self":[{"href":"https:\/\/spinbetter.games\/switzerland\/wp-json\/wp\/v2\/pages\/566","targetHints":{"allow":["GET"]}}],"collection":[{"href":"https:\/\/spinbetter.games\/switzerland\/wp-json\/wp\/v2\/pages"}],"about":[{"href":"https:\/\/spinbetter.games\/switzerland\/wp-json\/wp\/v2\/types\/page"}],"author":[{"embeddable":true,"href":"https:\/\/spinbetter.games\/switzerland\/wp-json\/wp\/v2\/users\/1"}],"replies":[{"embeddable":true,"href":"https:\/\/spinbetter.games\/switzerland\/wp-json\/wp\/v2\/comments?post=566"}],"version-history":[{"count":20,"href":"https:\/\/spinbetter.games\/switzerland\/wp-json\/wp\/v2\/pages\/566\/revisions"}],"predecessor-version":[{"id":636,"href":"https:\/\/spinbetter.games\/switzerland\/wp-json\/wp\/v2\/pages\/566\/revisions\/636"}],"wp:attachment":[{"href":"https:\/\/spinbetter.games\/switzerland\/wp-json\/wp\/v2\/media?parent=566"}],"curies":[{"name":"wp","href":"https:\/\/api.w.org\/{rel}","templated":true}]}}