{"id":2,"date":"2023-04-18T17:18:34","date_gmt":"2023-04-18T17:18:34","guid":{"rendered":"https:\/\/spinbetter.games\/tr\/?page_id=2"},"modified":"2025-12-28T05:21:16","modified_gmt":"2025-12-28T05:21:16","slug":"sample-page","status":"publish","type":"page","link":"https:\/\/spinbetter.games\/tr\/","title":{"rendered":"Anasayfa"},"content":{"rendered":"","protected":false},"excerpt":{"rendered":"","protected":false},"author":1,"featured_media":0,"parent":0,"menu_order":0,"comment_status":"closed","ping_status":"closed","template":"","meta":{"footnotes":""},"class_list":["post-2","page","type-page","status-publish","hentry"],"yoast_head":"<!-- This site is optimized with the Yoast SEO plugin v26.8 - https:\/\/yoast.com\/product\/yoast-seo-wordpress\/ -->\n<title>Spinbetter \u1409 Spor Bahisleri ve Casino \u1409 Kay\u0131t<\/title>\n<meta name=\"description\" content=\"Spin better casino ve Spor Bahisleri en pop\u00fcler ve en b\u00fcy\u00fck kumar platformlar\u0131ndan biridir \u26a1 Resmi web sitesi veya ayna arac\u0131l\u0131\u011f\u0131yla Spin Better&#039;a nas\u0131l kaydolaca\u011f\u0131n\u0131z\u0131 \u00f6\u011frenin\" \/>\n<meta name=\"robots\" content=\"index, follow, max-snippet:-1, max-image-preview:large, max-video-preview:-1\" \/>\n<link rel=\"canonical\" href=\"https:\/\/spinbetter.games\/tr\/\" \/>\n<meta property=\"og:locale\" content=\"tr_TR\" \/>\n<meta property=\"og:type\" content=\"article\" \/>\n<meta property=\"og:title\" content=\"Spinbetter \u1409 Spor Bahisleri ve Casino \u1409 Kay\u0131t\" \/>\n<meta property=\"og:description\" content=\"Spin better casino ve Spor Bahisleri en pop\u00fcler ve en b\u00fcy\u00fck kumar platformlar\u0131ndan biridir \u26a1 Resmi web sitesi veya ayna arac\u0131l\u0131\u011f\u0131yla Spin Better&#039;a nas\u0131l kaydolaca\u011f\u0131n\u0131z\u0131 \u00f6\u011frenin\" \/>\n<meta property=\"og:url\" content=\"https:\/\/spinbetter.games\/tr\/\" \/>\n<meta property=\"og:site_name\" content=\"SpinBetter tr\" \/>\n<meta property=\"article:modified_time\" content=\"2025-12-28T05:21:16+00:00\" \/>\n<meta name=\"twitter:card\" content=\"summary_large_image\" \/>\n<script type=\"application\/ld+json\" class=\"yoast-schema-graph\">{\"@context\":\"https:\/\/schema.org\",\"@graph\":[{\"@type\":\"WebPage\",\"@id\":\"https:\/\/spinbetter.games\/tr\/\",\"url\":\"https:\/\/spinbetter.games\/tr\/\",\"name\":\"Spinbetter \u1409 Spor Bahisleri ve Casino \u1409 Kay\u0131t\",\"isPartOf\":{\"@id\":\"https:\/\/spinbetter.games\/tr\/#website\"},\"datePublished\":\"2023-04-18T17:18:34+00:00\",\"dateModified\":\"2025-12-28T05:21:16+00:00\",\"description\":\"Spin better casino ve Spor Bahisleri en pop\u00fcler ve en b\u00fcy\u00fck kumar platformlar\u0131ndan biridir \u26a1 Resmi web sitesi veya ayna arac\u0131l\u0131\u011f\u0131yla Spin Better'a nas\u0131l kaydolaca\u011f\u0131n\u0131z\u0131 \u00f6\u011frenin\",\"breadcrumb\":{\"@id\":\"https:\/\/spinbetter.games\/tr\/#breadcrumb\"},\"inLanguage\":\"tr\",\"potentialAction\":[{\"@type\":\"ReadAction\",\"target\":[\"https:\/\/spinbetter.games\/tr\/\"]}]},{\"@type\":\"BreadcrumbList\",\"@id\":\"https:\/\/spinbetter.games\/tr\/#breadcrumb\",\"itemListElement\":[{\"@type\":\"ListItem\",\"position\":1,\"name\":\"\u0413\u043b\u0430\u0432\u043d\u0430\u044f \u0441\u0442\u0440\u0430\u043d\u0438\u0446\u0430\",\"item\":\"https:\/\/spinbetter.games\/tr\/\"},{\"@type\":\"ListItem\",\"position\":2,\"name\":\"Anasayfa\"}]},{\"@type\":\"WebSite\",\"@id\":\"https:\/\/spinbetter.games\/tr\/#website\",\"url\":\"https:\/\/spinbetter.games\/tr\/\",\"name\":\"SpinBetter tr\",\"description\":\"My WordPress Blog\",\"potentialAction\":[{\"@type\":\"SearchAction\",\"target\":{\"@type\":\"EntryPoint\",\"urlTemplate\":\"https:\/\/spinbetter.games\/tr\/?s={search_term_string}\"},\"query-input\":{\"@type\":\"PropertyValueSpecification\",\"valueRequired\":true,\"valueName\":\"search_term_string\"}}],\"inLanguage\":\"tr\"}]}<\/script>\n<!-- \/ Yoast SEO plugin. -->","yoast_head_json":{"title":"Spinbetter \u1409 Spor Bahisleri ve Casino \u1409 Kay\u0131t","description":"Spin better casino ve Spor Bahisleri en pop\u00fcler ve en b\u00fcy\u00fck kumar platformlar\u0131ndan biridir \u26a1 Resmi web sitesi veya ayna arac\u0131l\u0131\u011f\u0131yla Spin Better'a nas\u0131l kaydolaca\u011f\u0131n\u0131z\u0131 \u00f6\u011frenin","robots":{"index":"index","follow":"follow","max-snippet":"max-snippet:-1","max-image-preview":"max-image-preview:large","max-video-preview":"max-video-preview:-1"},"canonical":"https:\/\/spinbetter.games\/tr\/","og_locale":"tr_TR","og_type":"article","og_title":"Spinbetter \u1409 Spor Bahisleri ve Casino \u1409 Kay\u0131t","og_description":"Spin better casino ve Spor Bahisleri en pop\u00fcler ve en b\u00fcy\u00fck kumar platformlar\u0131ndan biridir \u26a1 Resmi web sitesi veya ayna arac\u0131l\u0131\u011f\u0131yla Spin Better'a nas\u0131l kaydolaca\u011f\u0131n\u0131z\u0131 \u00f6\u011frenin","og_url":"https:\/\/spinbetter.games\/tr\/","og_site_name":"SpinBetter tr","article_modified_time":"2025-12-28T05:21:16+00:00","twitter_card":"summary_large_image","schema":{"@context":"https:\/\/schema.org","@graph":[{"@type":"WebPage","@id":"https:\/\/spinbetter.games\/tr\/","url":"https:\/\/spinbetter.games\/tr\/","name":"Spinbetter \u1409 Spor Bahisleri ve Casino \u1409 Kay\u0131t","isPartOf":{"@id":"https:\/\/spinbetter.games\/tr\/#website"},"datePublished":"2023-04-18T17:18:34+00:00","dateModified":"2025-12-28T05:21:16+00:00","description":"Spin better casino ve Spor Bahisleri en pop\u00fcler ve en b\u00fcy\u00fck kumar platformlar\u0131ndan biridir \u26a1 Resmi web sitesi veya ayna arac\u0131l\u0131\u011f\u0131yla Spin Better'a nas\u0131l kaydolaca\u011f\u0131n\u0131z\u0131 \u00f6\u011frenin","breadcrumb":{"@id":"https:\/\/spinbetter.games\/tr\/#breadcrumb"},"inLanguage":"tr","potentialAction":[{"@type":"ReadAction","target":["https:\/\/spinbetter.games\/tr\/"]}]},{"@type":"BreadcrumbList","@id":"https:\/\/spinbetter.games\/tr\/#breadcrumb","itemListElement":[{"@type":"ListItem","position":1,"name":"\u0413\u043b\u0430\u0432\u043d\u0430\u044f \u0441\u0442\u0440\u0430\u043d\u0438\u0446\u0430","item":"https:\/\/spinbetter.games\/tr\/"},{"@type":"ListItem","position":2,"name":"Anasayfa"}]},{"@type":"WebSite","@id":"https:\/\/spinbetter.games\/tr\/#website","url":"https:\/\/spinbetter.games\/tr\/","name":"SpinBetter tr","description":"My WordPress Blog","potentialAction":[{"@type":"SearchAction","target":{"@type":"EntryPoint","urlTemplate":"https:\/\/spinbetter.games\/tr\/?s={search_term_string}"},"query-input":{"@type":"PropertyValueSpecification","valueRequired":true,"valueName":"search_term_string"}}],"inLanguage":"tr"}]}},"_links":{"self":[{"href":"https:\/\/spinbetter.games\/tr\/wp-json\/wp\/v2\/pages\/2","targetHints":{"allow":["GET"]}}],"collection":[{"href":"https:\/\/spinbetter.games\/tr\/wp-json\/wp\/v2\/pages"}],"about":[{"href":"https:\/\/spinbetter.games\/tr\/wp-json\/wp\/v2\/types\/page"}],"author":[{"embeddable":true,"href":"https:\/\/spinbetter.games\/tr\/wp-json\/wp\/v2\/users\/1"}],"replies":[{"embeddable":true,"href":"https:\/\/spinbetter.games\/tr\/wp-json\/wp\/v2\/comments?post=2"}],"version-history":[{"count":4,"href":"https:\/\/spinbetter.games\/tr\/wp-json\/wp\/v2\/pages\/2\/revisions"}],"predecessor-version":[{"id":852,"href":"https:\/\/spinbetter.games\/tr\/wp-json\/wp\/v2\/pages\/2\/revisions\/852"}],"wp:attachment":[{"href":"https:\/\/spinbetter.games\/tr\/wp-json\/wp\/v2\/media?parent=2"}],"curies":[{"name":"wp","href":"https:\/\/api.w.org\/{rel}","templated":true}]}}