{"id":251,"date":"2024-10-07T07:59:32","date_gmt":"2024-10-07T07:59:32","guid":{"rendered":"https:\/\/spinbetter.games\/tr\/?page_id=251"},"modified":"2025-01-16T10:06:24","modified_gmt":"2025-01-16T10:06:24","slug":"casino","status":"publish","type":"page","link":"https:\/\/spinbetter.games\/tr\/casino\/","title":{"rendered":"Kumarhane"},"content":{"rendered":"","protected":false},"excerpt":{"rendered":"","protected":false},"author":1,"featured_media":0,"parent":0,"menu_order":0,"comment_status":"closed","ping_status":"closed","template":"","meta":{"footnotes":""},"class_list":["post-251","page","type-page","status-publish","hentry"],"yoast_head":"<!-- This site is optimized with the Yoast SEO plugin v26.8 - https:\/\/yoast.com\/product\/yoast-seo-wordpress\/ -->\n<title>Spinbetter Kumarhane | \u00dccretsiz D\u00f6nd\u00fcrme &amp; Oyunlar<\/title>\n<meta name=\"description\" content=\"SpinBetter T\u00fcrkiye, Curacao lisans\u0131na, mobil uygulamaya ve benzersiz bir bonus sistemine sahip yeni bir kumarhanedir \u2728 Spin Casino&#039;ya kaydolun ve farkl\u0131 kategorilerden \u00e7e\u015fitli oyunlar oynay\u0131n\" \/>\n<meta name=\"robots\" content=\"index, follow, max-snippet:-1, max-image-preview:large, max-video-preview:-1\" \/>\n<link rel=\"canonical\" href=\"https:\/\/spinbetter.games\/tr\/casino\/\" \/>\n<meta property=\"og:locale\" content=\"tr_TR\" \/>\n<meta property=\"og:type\" content=\"article\" \/>\n<meta property=\"og:title\" content=\"Spinbetter Kumarhane | \u00dccretsiz D\u00f6nd\u00fcrme &amp; Oyunlar\" \/>\n<meta property=\"og:description\" content=\"SpinBetter T\u00fcrkiye, Curacao lisans\u0131na, mobil uygulamaya ve benzersiz bir bonus sistemine sahip yeni bir kumarhanedir \u2728 Spin Casino&#039;ya kaydolun ve farkl\u0131 kategorilerden \u00e7e\u015fitli oyunlar oynay\u0131n\" \/>\n<meta property=\"og:url\" content=\"https:\/\/spinbetter.games\/tr\/casino\/\" \/>\n<meta property=\"og:site_name\" content=\"SpinBetter tr\" \/>\n<meta property=\"article:modified_time\" content=\"2025-01-16T10:06:24+00:00\" \/>\n<meta name=\"twitter:card\" content=\"summary_large_image\" \/>\n<script type=\"application\/ld+json\" class=\"yoast-schema-graph\">{\"@context\":\"https:\/\/schema.org\",\"@graph\":[{\"@type\":\"WebPage\",\"@id\":\"https:\/\/spinbetter.games\/tr\/casino\/\",\"url\":\"https:\/\/spinbetter.games\/tr\/casino\/\",\"name\":\"Spinbetter Kumarhane | \u00dccretsiz D\u00f6nd\u00fcrme & Oyunlar\",\"isPartOf\":{\"@id\":\"https:\/\/spinbetter.games\/tr\/#website\"},\"datePublished\":\"2024-10-07T07:59:32+00:00\",\"dateModified\":\"2025-01-16T10:06:24+00:00\",\"description\":\"SpinBetter T\u00fcrkiye, Curacao lisans\u0131na, mobil uygulamaya ve benzersiz bir bonus sistemine sahip yeni bir kumarhanedir \u2728 Spin Casino'ya kaydolun ve farkl\u0131 kategorilerden \u00e7e\u015fitli oyunlar oynay\u0131n\",\"breadcrumb\":{\"@id\":\"https:\/\/spinbetter.games\/tr\/casino\/#breadcrumb\"},\"inLanguage\":\"tr\",\"potentialAction\":[{\"@type\":\"ReadAction\",\"target\":[\"https:\/\/spinbetter.games\/tr\/casino\/\"]}]},{\"@type\":\"BreadcrumbList\",\"@id\":\"https:\/\/spinbetter.games\/tr\/casino\/#breadcrumb\",\"itemListElement\":[{\"@type\":\"ListItem\",\"position\":1,\"name\":\"\u0413\u043b\u0430\u0432\u043d\u0430\u044f \u0441\u0442\u0440\u0430\u043d\u0438\u0446\u0430\",\"item\":\"https:\/\/spinbetter.games\/tr\/\"},{\"@type\":\"ListItem\",\"position\":2,\"name\":\"Kumarhane\"}]},{\"@type\":\"WebSite\",\"@id\":\"https:\/\/spinbetter.games\/tr\/#website\",\"url\":\"https:\/\/spinbetter.games\/tr\/\",\"name\":\"SpinBetter tr\",\"description\":\"My WordPress Blog\",\"potentialAction\":[{\"@type\":\"SearchAction\",\"target\":{\"@type\":\"EntryPoint\",\"urlTemplate\":\"https:\/\/spinbetter.games\/tr\/?s={search_term_string}\"},\"query-input\":{\"@type\":\"PropertyValueSpecification\",\"valueRequired\":true,\"valueName\":\"search_term_string\"}}],\"inLanguage\":\"tr\"}]}<\/script>\n<!-- \/ Yoast SEO plugin. -->","yoast_head_json":{"title":"Spinbetter Kumarhane | \u00dccretsiz D\u00f6nd\u00fcrme & Oyunlar","description":"SpinBetter T\u00fcrkiye, Curacao lisans\u0131na, mobil uygulamaya ve benzersiz bir bonus sistemine sahip yeni bir kumarhanedir \u2728 Spin Casino'ya kaydolun ve farkl\u0131 kategorilerden \u00e7e\u015fitli oyunlar oynay\u0131n","robots":{"index":"index","follow":"follow","max-snippet":"max-snippet:-1","max-image-preview":"max-image-preview:large","max-video-preview":"max-video-preview:-1"},"canonical":"https:\/\/spinbetter.games\/tr\/casino\/","og_locale":"tr_TR","og_type":"article","og_title":"Spinbetter Kumarhane | \u00dccretsiz D\u00f6nd\u00fcrme & Oyunlar","og_description":"SpinBetter T\u00fcrkiye, Curacao lisans\u0131na, mobil uygulamaya ve benzersiz bir bonus sistemine sahip yeni bir kumarhanedir \u2728 Spin Casino'ya kaydolun ve farkl\u0131 kategorilerden \u00e7e\u015fitli oyunlar oynay\u0131n","og_url":"https:\/\/spinbetter.games\/tr\/casino\/","og_site_name":"SpinBetter tr","article_modified_time":"2025-01-16T10:06:24+00:00","twitter_card":"summary_large_image","schema":{"@context":"https:\/\/schema.org","@graph":[{"@type":"WebPage","@id":"https:\/\/spinbetter.games\/tr\/casino\/","url":"https:\/\/spinbetter.games\/tr\/casino\/","name":"Spinbetter Kumarhane | \u00dccretsiz D\u00f6nd\u00fcrme & Oyunlar","isPartOf":{"@id":"https:\/\/spinbetter.games\/tr\/#website"},"datePublished":"2024-10-07T07:59:32+00:00","dateModified":"2025-01-16T10:06:24+00:00","description":"SpinBetter T\u00fcrkiye, Curacao lisans\u0131na, mobil uygulamaya ve benzersiz bir bonus sistemine sahip yeni bir kumarhanedir \u2728 Spin Casino'ya kaydolun ve farkl\u0131 kategorilerden \u00e7e\u015fitli oyunlar oynay\u0131n","breadcrumb":{"@id":"https:\/\/spinbetter.games\/tr\/casino\/#breadcrumb"},"inLanguage":"tr","potentialAction":[{"@type":"ReadAction","target":["https:\/\/spinbetter.games\/tr\/casino\/"]}]},{"@type":"BreadcrumbList","@id":"https:\/\/spinbetter.games\/tr\/casino\/#breadcrumb","itemListElement":[{"@type":"ListItem","position":1,"name":"\u0413\u043b\u0430\u0432\u043d\u0430\u044f \u0441\u0442\u0440\u0430\u043d\u0438\u0446\u0430","item":"https:\/\/spinbetter.games\/tr\/"},{"@type":"ListItem","position":2,"name":"Kumarhane"}]},{"@type":"WebSite","@id":"https:\/\/spinbetter.games\/tr\/#website","url":"https:\/\/spinbetter.games\/tr\/","name":"SpinBetter tr","description":"My WordPress Blog","potentialAction":[{"@type":"SearchAction","target":{"@type":"EntryPoint","urlTemplate":"https:\/\/spinbetter.games\/tr\/?s={search_term_string}"},"query-input":{"@type":"PropertyValueSpecification","valueRequired":true,"valueName":"search_term_string"}}],"inLanguage":"tr"}]}},"_links":{"self":[{"href":"https:\/\/spinbetter.games\/tr\/wp-json\/wp\/v2\/pages\/251","targetHints":{"allow":["GET"]}}],"collection":[{"href":"https:\/\/spinbetter.games\/tr\/wp-json\/wp\/v2\/pages"}],"about":[{"href":"https:\/\/spinbetter.games\/tr\/wp-json\/wp\/v2\/types\/page"}],"author":[{"embeddable":true,"href":"https:\/\/spinbetter.games\/tr\/wp-json\/wp\/v2\/users\/1"}],"replies":[{"embeddable":true,"href":"https:\/\/spinbetter.games\/tr\/wp-json\/wp\/v2\/comments?post=251"}],"version-history":[{"count":36,"href":"https:\/\/spinbetter.games\/tr\/wp-json\/wp\/v2\/pages\/251\/revisions"}],"predecessor-version":[{"id":824,"href":"https:\/\/spinbetter.games\/tr\/wp-json\/wp\/v2\/pages\/251\/revisions\/824"}],"wp:attachment":[{"href":"https:\/\/spinbetter.games\/tr\/wp-json\/wp\/v2\/media?parent=251"}],"curies":[{"name":"wp","href":"https:\/\/api.w.org\/{rel}","templated":true}]}}