{"id":255,"date":"2025-02-10T08:11:18","date_gmt":"2025-02-10T08:11:18","guid":{"rendered":"https:\/\/spinbetter.games\/?page_id=255"},"modified":"2025-03-21T12:17:04","modified_gmt":"2025-03-21T12:17:04","slug":"login","status":"publish","type":"page","link":"https:\/\/spinbetter.games\/tr\/login\/","title":{"rendered":"Giri\u015f"},"content":{"rendered":"","protected":false},"excerpt":{"rendered":"","protected":false},"author":1,"featured_media":0,"parent":0,"menu_order":0,"comment_status":"closed","ping_status":"closed","template":"","meta":{"footnotes":""},"class_list":["post-255","page","type-page","status-publish","hentry"],"yoast_head":"<!-- This site is optimized with the Yoast SEO plugin v26.8 - https:\/\/yoast.com\/product\/yoast-seo-wordpress\/ -->\n<title>Spinbetter Giri\u015f &amp; Kaydol<\/title>\n<meta name=\"description\" content=\"Ad\u0131m Ad\u0131m Spinbetter Giri\u015f \u0130\u015flemi - Hesab\u0131n\u0131za Nas\u0131l Eri\u015firsiniz - Spin Better&#039;a giri\u015f yap\u0131n ve 61\u2006800 TRY &#039;ya kadar ho\u015f geldin paketi ve 150 \u00dccretsiz D\u00f6nd\u00fcrme kazan\u0131n\" \/>\n<meta name=\"robots\" content=\"index, follow, max-snippet:-1, max-image-preview:large, max-video-preview:-1\" \/>\n<link rel=\"canonical\" href=\"https:\/\/spinbetter.games\/tr\/login\/\" \/>\n<meta property=\"og:locale\" content=\"tr_TR\" \/>\n<meta property=\"og:type\" content=\"article\" \/>\n<meta property=\"og:title\" content=\"Spinbetter Giri\u015f &amp; Kaydol\" \/>\n<meta property=\"og:description\" content=\"Ad\u0131m Ad\u0131m Spinbetter Giri\u015f \u0130\u015flemi - Hesab\u0131n\u0131za Nas\u0131l Eri\u015firsiniz - Spin Better&#039;a giri\u015f yap\u0131n ve 61\u2006800 TRY &#039;ya kadar ho\u015f geldin paketi ve 150 \u00dccretsiz D\u00f6nd\u00fcrme kazan\u0131n\" \/>\n<meta property=\"og:url\" content=\"https:\/\/spinbetter.games\/tr\/login\/\" \/>\n<meta property=\"og:site_name\" content=\"SpinBetter tr\" \/>\n<meta property=\"article:modified_time\" content=\"2025-03-21T12:17:04+00:00\" \/>\n<meta name=\"twitter:card\" content=\"summary_large_image\" \/>\n<script type=\"application\/ld+json\" class=\"yoast-schema-graph\">{\"@context\":\"https:\/\/schema.org\",\"@graph\":[{\"@type\":\"WebPage\",\"@id\":\"https:\/\/spinbetter.games\/tr\/login\/\",\"url\":\"https:\/\/spinbetter.games\/tr\/login\/\",\"name\":\"Spinbetter Giri\u015f & Kaydol\",\"isPartOf\":{\"@id\":\"https:\/\/spinbetter.games\/tr\/#website\"},\"datePublished\":\"2025-02-10T08:11:18+00:00\",\"dateModified\":\"2025-03-21T12:17:04+00:00\",\"description\":\"Ad\u0131m Ad\u0131m Spinbetter Giri\u015f \u0130\u015flemi - Hesab\u0131n\u0131za Nas\u0131l Eri\u015firsiniz - Spin Better'a giri\u015f yap\u0131n ve 61\u2006800 TRY 'ya kadar ho\u015f geldin paketi ve 150 \u00dccretsiz D\u00f6nd\u00fcrme kazan\u0131n\",\"breadcrumb\":{\"@id\":\"https:\/\/spinbetter.games\/tr\/login\/#breadcrumb\"},\"inLanguage\":\"tr\",\"potentialAction\":[{\"@type\":\"ReadAction\",\"target\":[\"https:\/\/spinbetter.games\/tr\/login\/\"]}]},{\"@type\":\"BreadcrumbList\",\"@id\":\"https:\/\/spinbetter.games\/tr\/login\/#breadcrumb\",\"itemListElement\":[{\"@type\":\"ListItem\",\"position\":1,\"name\":\"\u0413\u043b\u0430\u0432\u043d\u0430\u044f \u0441\u0442\u0440\u0430\u043d\u0438\u0446\u0430\",\"item\":\"https:\/\/spinbetter.games\/tr\/\"},{\"@type\":\"ListItem\",\"position\":2,\"name\":\"Giri\u015f\"}]},{\"@type\":\"WebSite\",\"@id\":\"https:\/\/spinbetter.games\/tr\/#website\",\"url\":\"https:\/\/spinbetter.games\/tr\/\",\"name\":\"SpinBetter tr\",\"description\":\"My WordPress Blog\",\"potentialAction\":[{\"@type\":\"SearchAction\",\"target\":{\"@type\":\"EntryPoint\",\"urlTemplate\":\"https:\/\/spinbetter.games\/tr\/?s={search_term_string}\"},\"query-input\":{\"@type\":\"PropertyValueSpecification\",\"valueRequired\":true,\"valueName\":\"search_term_string\"}}],\"inLanguage\":\"tr\"}]}<\/script>\n<!-- \/ Yoast SEO plugin. -->","yoast_head_json":{"title":"Spinbetter Giri\u015f & Kaydol","description":"Ad\u0131m Ad\u0131m Spinbetter Giri\u015f \u0130\u015flemi - Hesab\u0131n\u0131za Nas\u0131l Eri\u015firsiniz - Spin Better'a giri\u015f yap\u0131n ve 61\u2006800 TRY 'ya kadar ho\u015f geldin paketi ve 150 \u00dccretsiz D\u00f6nd\u00fcrme kazan\u0131n","robots":{"index":"index","follow":"follow","max-snippet":"max-snippet:-1","max-image-preview":"max-image-preview:large","max-video-preview":"max-video-preview:-1"},"canonical":"https:\/\/spinbetter.games\/tr\/login\/","og_locale":"tr_TR","og_type":"article","og_title":"Spinbetter Giri\u015f & Kaydol","og_description":"Ad\u0131m Ad\u0131m Spinbetter Giri\u015f \u0130\u015flemi - Hesab\u0131n\u0131za Nas\u0131l Eri\u015firsiniz - Spin Better'a giri\u015f yap\u0131n ve 61\u2006800 TRY 'ya kadar ho\u015f geldin paketi ve 150 \u00dccretsiz D\u00f6nd\u00fcrme kazan\u0131n","og_url":"https:\/\/spinbetter.games\/tr\/login\/","og_site_name":"SpinBetter tr","article_modified_time":"2025-03-21T12:17:04+00:00","twitter_card":"summary_large_image","schema":{"@context":"https:\/\/schema.org","@graph":[{"@type":"WebPage","@id":"https:\/\/spinbetter.games\/tr\/login\/","url":"https:\/\/spinbetter.games\/tr\/login\/","name":"Spinbetter Giri\u015f & Kaydol","isPartOf":{"@id":"https:\/\/spinbetter.games\/tr\/#website"},"datePublished":"2025-02-10T08:11:18+00:00","dateModified":"2025-03-21T12:17:04+00:00","description":"Ad\u0131m Ad\u0131m Spinbetter Giri\u015f \u0130\u015flemi - Hesab\u0131n\u0131za Nas\u0131l Eri\u015firsiniz - Spin Better'a giri\u015f yap\u0131n ve 61\u2006800 TRY 'ya kadar ho\u015f geldin paketi ve 150 \u00dccretsiz D\u00f6nd\u00fcrme kazan\u0131n","breadcrumb":{"@id":"https:\/\/spinbetter.games\/tr\/login\/#breadcrumb"},"inLanguage":"tr","potentialAction":[{"@type":"ReadAction","target":["https:\/\/spinbetter.games\/tr\/login\/"]}]},{"@type":"BreadcrumbList","@id":"https:\/\/spinbetter.games\/tr\/login\/#breadcrumb","itemListElement":[{"@type":"ListItem","position":1,"name":"\u0413\u043b\u0430\u0432\u043d\u0430\u044f \u0441\u0442\u0440\u0430\u043d\u0438\u0446\u0430","item":"https:\/\/spinbetter.games\/tr\/"},{"@type":"ListItem","position":2,"name":"Giri\u015f"}]},{"@type":"WebSite","@id":"https:\/\/spinbetter.games\/tr\/#website","url":"https:\/\/spinbetter.games\/tr\/","name":"SpinBetter tr","description":"My WordPress Blog","potentialAction":[{"@type":"SearchAction","target":{"@type":"EntryPoint","urlTemplate":"https:\/\/spinbetter.games\/tr\/?s={search_term_string}"},"query-input":{"@type":"PropertyValueSpecification","valueRequired":true,"valueName":"search_term_string"}}],"inLanguage":"tr"}]}},"_links":{"self":[{"href":"https:\/\/spinbetter.games\/tr\/wp-json\/wp\/v2\/pages\/255","targetHints":{"allow":["GET"]}}],"collection":[{"href":"https:\/\/spinbetter.games\/tr\/wp-json\/wp\/v2\/pages"}],"about":[{"href":"https:\/\/spinbetter.games\/tr\/wp-json\/wp\/v2\/types\/page"}],"author":[{"embeddable":true,"href":"https:\/\/spinbetter.games\/tr\/wp-json\/wp\/v2\/users\/1"}],"replies":[{"embeddable":true,"href":"https:\/\/spinbetter.games\/tr\/wp-json\/wp\/v2\/comments?post=255"}],"version-history":[{"count":2,"href":"https:\/\/spinbetter.games\/tr\/wp-json\/wp\/v2\/pages\/255\/revisions"}],"predecessor-version":[{"id":848,"href":"https:\/\/spinbetter.games\/tr\/wp-json\/wp\/v2\/pages\/255\/revisions\/848"}],"wp:attachment":[{"href":"https:\/\/spinbetter.games\/tr\/wp-json\/wp\/v2\/media?parent=255"}],"curies":[{"name":"wp","href":"https:\/\/api.w.org\/{rel}","templated":true}]}}