{"id":521,"date":"2024-07-19T14:37:05","date_gmt":"2024-07-19T14:37:05","guid":{"rendered":"https:\/\/spinbetter.games\/tr\/?page_id=521"},"modified":"2025-01-16T08:44:41","modified_gmt":"2025-01-16T08:44:41","slug":"apk","status":"publish","type":"page","link":"https:\/\/spinbetter.games\/tr\/apk\/","title":{"rendered":"Apk"},"content":{"rendered":"","protected":false},"excerpt":{"rendered":"","protected":false},"author":1,"featured_media":0,"parent":0,"menu_order":0,"comment_status":"closed","ping_status":"closed","template":"","meta":{"footnotes":""},"class_list":["post-521","page","type-page","status-publish","hentry"],"yoast_head":"<!-- This site is optimized with the Yoast SEO plugin v26.8 - https:\/\/yoast.com\/product\/yoast-seo-wordpress\/ -->\n<title>SpinBetter T\u00fcrkiye Apk \u25b6\ufe0f Nas\u0131l \u0130ndirilir ve Oynan\u0131r<\/title>\n<meta name=\"description\" content=\"Spin Better apk indirme, hareket halindeyken spor kitaplar\u0131na ve kumarhaneye eri\u015fmenin uygun bir yoludur. Android i\u00e7in Spinbetter Apk, optimize edilmi\u015f aray\u00fcz ve \u00f6zel bonus teklifleri sunar\" \/>\n<meta name=\"robots\" content=\"index, follow, max-snippet:-1, max-image-preview:large, max-video-preview:-1\" \/>\n<link rel=\"canonical\" href=\"https:\/\/spinbetter.games\/tr\/apk\/\" \/>\n<meta property=\"og:locale\" content=\"tr_TR\" \/>\n<meta property=\"og:type\" content=\"article\" \/>\n<meta property=\"og:title\" content=\"SpinBetter T\u00fcrkiye Apk \u25b6\ufe0f Nas\u0131l \u0130ndirilir ve Oynan\u0131r\" \/>\n<meta property=\"og:description\" content=\"Spin Better apk indirme, hareket halindeyken spor kitaplar\u0131na ve kumarhaneye eri\u015fmenin uygun bir yoludur. Android i\u00e7in Spinbetter Apk, optimize edilmi\u015f aray\u00fcz ve \u00f6zel bonus teklifleri sunar\" \/>\n<meta property=\"og:url\" content=\"https:\/\/spinbetter.games\/tr\/apk\/\" \/>\n<meta property=\"og:site_name\" content=\"SpinBetter tr\" \/>\n<meta property=\"article:modified_time\" content=\"2025-01-16T08:44:41+00:00\" \/>\n<meta name=\"twitter:card\" content=\"summary_large_image\" \/>\n<script type=\"application\/ld+json\" class=\"yoast-schema-graph\">{\"@context\":\"https:\/\/schema.org\",\"@graph\":[{\"@type\":\"WebPage\",\"@id\":\"https:\/\/spinbetter.games\/tr\/apk\/\",\"url\":\"https:\/\/spinbetter.games\/tr\/apk\/\",\"name\":\"SpinBetter T\u00fcrkiye Apk \u25b6\ufe0f Nas\u0131l \u0130ndirilir ve Oynan\u0131r\",\"isPartOf\":{\"@id\":\"https:\/\/spinbetter.games\/tr\/#website\"},\"datePublished\":\"2024-07-19T14:37:05+00:00\",\"dateModified\":\"2025-01-16T08:44:41+00:00\",\"description\":\"Spin Better apk indirme, hareket halindeyken spor kitaplar\u0131na ve kumarhaneye eri\u015fmenin uygun bir yoludur. Android i\u00e7in Spinbetter Apk, optimize edilmi\u015f aray\u00fcz ve \u00f6zel bonus teklifleri sunar\",\"breadcrumb\":{\"@id\":\"https:\/\/spinbetter.games\/tr\/apk\/#breadcrumb\"},\"inLanguage\":\"tr\",\"potentialAction\":[{\"@type\":\"ReadAction\",\"target\":[\"https:\/\/spinbetter.games\/tr\/apk\/\"]}]},{\"@type\":\"BreadcrumbList\",\"@id\":\"https:\/\/spinbetter.games\/tr\/apk\/#breadcrumb\",\"itemListElement\":[{\"@type\":\"ListItem\",\"position\":1,\"name\":\"\u0413\u043b\u0430\u0432\u043d\u0430\u044f \u0441\u0442\u0440\u0430\u043d\u0438\u0446\u0430\",\"item\":\"https:\/\/spinbetter.games\/tr\/\"},{\"@type\":\"ListItem\",\"position\":2,\"name\":\"Apk\"}]},{\"@type\":\"WebSite\",\"@id\":\"https:\/\/spinbetter.games\/tr\/#website\",\"url\":\"https:\/\/spinbetter.games\/tr\/\",\"name\":\"SpinBetter tr\",\"description\":\"My WordPress Blog\",\"potentialAction\":[{\"@type\":\"SearchAction\",\"target\":{\"@type\":\"EntryPoint\",\"urlTemplate\":\"https:\/\/spinbetter.games\/tr\/?s={search_term_string}\"},\"query-input\":{\"@type\":\"PropertyValueSpecification\",\"valueRequired\":true,\"valueName\":\"search_term_string\"}}],\"inLanguage\":\"tr\"}]}<\/script>\n<!-- \/ Yoast SEO plugin. -->","yoast_head_json":{"title":"SpinBetter T\u00fcrkiye Apk \u25b6\ufe0f Nas\u0131l \u0130ndirilir ve Oynan\u0131r","description":"Spin Better apk indirme, hareket halindeyken spor kitaplar\u0131na ve kumarhaneye eri\u015fmenin uygun bir yoludur. Android i\u00e7in Spinbetter Apk, optimize edilmi\u015f aray\u00fcz ve \u00f6zel bonus teklifleri sunar","robots":{"index":"index","follow":"follow","max-snippet":"max-snippet:-1","max-image-preview":"max-image-preview:large","max-video-preview":"max-video-preview:-1"},"canonical":"https:\/\/spinbetter.games\/tr\/apk\/","og_locale":"tr_TR","og_type":"article","og_title":"SpinBetter T\u00fcrkiye Apk \u25b6\ufe0f Nas\u0131l \u0130ndirilir ve Oynan\u0131r","og_description":"Spin Better apk indirme, hareket halindeyken spor kitaplar\u0131na ve kumarhaneye eri\u015fmenin uygun bir yoludur. Android i\u00e7in Spinbetter Apk, optimize edilmi\u015f aray\u00fcz ve \u00f6zel bonus teklifleri sunar","og_url":"https:\/\/spinbetter.games\/tr\/apk\/","og_site_name":"SpinBetter tr","article_modified_time":"2025-01-16T08:44:41+00:00","twitter_card":"summary_large_image","schema":{"@context":"https:\/\/schema.org","@graph":[{"@type":"WebPage","@id":"https:\/\/spinbetter.games\/tr\/apk\/","url":"https:\/\/spinbetter.games\/tr\/apk\/","name":"SpinBetter T\u00fcrkiye Apk \u25b6\ufe0f Nas\u0131l \u0130ndirilir ve Oynan\u0131r","isPartOf":{"@id":"https:\/\/spinbetter.games\/tr\/#website"},"datePublished":"2024-07-19T14:37:05+00:00","dateModified":"2025-01-16T08:44:41+00:00","description":"Spin Better apk indirme, hareket halindeyken spor kitaplar\u0131na ve kumarhaneye eri\u015fmenin uygun bir yoludur. Android i\u00e7in Spinbetter Apk, optimize edilmi\u015f aray\u00fcz ve \u00f6zel bonus teklifleri sunar","breadcrumb":{"@id":"https:\/\/spinbetter.games\/tr\/apk\/#breadcrumb"},"inLanguage":"tr","potentialAction":[{"@type":"ReadAction","target":["https:\/\/spinbetter.games\/tr\/apk\/"]}]},{"@type":"BreadcrumbList","@id":"https:\/\/spinbetter.games\/tr\/apk\/#breadcrumb","itemListElement":[{"@type":"ListItem","position":1,"name":"\u0413\u043b\u0430\u0432\u043d\u0430\u044f \u0441\u0442\u0440\u0430\u043d\u0438\u0446\u0430","item":"https:\/\/spinbetter.games\/tr\/"},{"@type":"ListItem","position":2,"name":"Apk"}]},{"@type":"WebSite","@id":"https:\/\/spinbetter.games\/tr\/#website","url":"https:\/\/spinbetter.games\/tr\/","name":"SpinBetter tr","description":"My WordPress Blog","potentialAction":[{"@type":"SearchAction","target":{"@type":"EntryPoint","urlTemplate":"https:\/\/spinbetter.games\/tr\/?s={search_term_string}"},"query-input":{"@type":"PropertyValueSpecification","valueRequired":true,"valueName":"search_term_string"}}],"inLanguage":"tr"}]}},"_links":{"self":[{"href":"https:\/\/spinbetter.games\/tr\/wp-json\/wp\/v2\/pages\/521","targetHints":{"allow":["GET"]}}],"collection":[{"href":"https:\/\/spinbetter.games\/tr\/wp-json\/wp\/v2\/pages"}],"about":[{"href":"https:\/\/spinbetter.games\/tr\/wp-json\/wp\/v2\/types\/page"}],"author":[{"embeddable":true,"href":"https:\/\/spinbetter.games\/tr\/wp-json\/wp\/v2\/users\/1"}],"replies":[{"embeddable":true,"href":"https:\/\/spinbetter.games\/tr\/wp-json\/wp\/v2\/comments?post=521"}],"version-history":[{"count":19,"href":"https:\/\/spinbetter.games\/tr\/wp-json\/wp\/v2\/pages\/521\/revisions"}],"predecessor-version":[{"id":820,"href":"https:\/\/spinbetter.games\/tr\/wp-json\/wp\/v2\/pages\/521\/revisions\/820"}],"wp:attachment":[{"href":"https:\/\/spinbetter.games\/tr\/wp-json\/wp\/v2\/media?parent=521"}],"curies":[{"name":"wp","href":"https:\/\/api.w.org\/{rel}","templated":true}]}}