{"id":549,"date":"2024-09-24T06:14:56","date_gmt":"2024-09-24T06:14:56","guid":{"rendered":"https:\/\/spinbetter.games\/tr\/?page_id=549"},"modified":"2025-01-16T10:51:52","modified_gmt":"2025-01-16T10:51:52","slug":"promo-code","status":"publish","type":"page","link":"https:\/\/spinbetter.games\/tr\/promo-code\/","title":{"rendered":"Promosyon Kodu"},"content":{"rendered":"","protected":false},"excerpt":{"rendered":"","protected":false},"author":1,"featured_media":0,"parent":0,"menu_order":0,"comment_status":"closed","ping_status":"closed","template":"","meta":{"footnotes":""},"class_list":["post-549","page","type-page","status-publish","hentry"],"yoast_head":"<!-- This site is optimized with the Yoast SEO plugin v26.8 - https:\/\/yoast.com\/product\/yoast-seo-wordpress\/ -->\n<title>SpinBetter Promosyon Kodu 2025 \u25b6\ufe0f Ger\u00e7ek Bonus Kodlar\u0131<\/title>\n<meta name=\"description\" content=\"En iyi SpinBetter T\u00fcrkiye Bonus Kodlar\u0131n\u0131 bulun ve \u00f6zel Para Yat\u0131rma Bonusu ve \u00dccretsiz D\u00f6nd\u00fcrme kazan\u0131n. Kay\u0131t olurken Spin Better Promosyon Kodunu kullan\u0131n. Bonus kodlar\u0131 size Spin Better&#039;da favori slotlarda \u00fccretsiz d\u00f6n\u00fc\u015fler ve pop\u00fcler sporlarda \u00fccretsiz bahisler sa\u011flayabilir\" \/>\n<meta name=\"robots\" content=\"index, follow, max-snippet:-1, max-image-preview:large, max-video-preview:-1\" \/>\n<link rel=\"canonical\" href=\"https:\/\/spinbetter.games\/tr\/promo-code\/\" \/>\n<meta property=\"og:locale\" content=\"tr_TR\" \/>\n<meta property=\"og:type\" content=\"article\" \/>\n<meta property=\"og:title\" content=\"SpinBetter Promosyon Kodu 2025 \u25b6\ufe0f Ger\u00e7ek Bonus Kodlar\u0131\" \/>\n<meta property=\"og:description\" content=\"En iyi SpinBetter T\u00fcrkiye Bonus Kodlar\u0131n\u0131 bulun ve \u00f6zel Para Yat\u0131rma Bonusu ve \u00dccretsiz D\u00f6nd\u00fcrme kazan\u0131n. Kay\u0131t olurken Spin Better Promosyon Kodunu kullan\u0131n. Bonus kodlar\u0131 size Spin Better&#039;da favori slotlarda \u00fccretsiz d\u00f6n\u00fc\u015fler ve pop\u00fcler sporlarda \u00fccretsiz bahisler sa\u011flayabilir\" \/>\n<meta property=\"og:url\" content=\"https:\/\/spinbetter.games\/tr\/promo-code\/\" \/>\n<meta property=\"og:site_name\" content=\"SpinBetter tr\" \/>\n<meta property=\"article:modified_time\" content=\"2025-01-16T10:51:52+00:00\" \/>\n<meta name=\"twitter:card\" content=\"summary_large_image\" \/>\n<script type=\"application\/ld+json\" class=\"yoast-schema-graph\">{\"@context\":\"https:\/\/schema.org\",\"@graph\":[{\"@type\":\"WebPage\",\"@id\":\"https:\/\/spinbetter.games\/tr\/promo-code\/\",\"url\":\"https:\/\/spinbetter.games\/tr\/promo-code\/\",\"name\":\"SpinBetter Promosyon Kodu 2025 \u25b6\ufe0f Ger\u00e7ek Bonus Kodlar\u0131\",\"isPartOf\":{\"@id\":\"https:\/\/spinbetter.games\/tr\/#website\"},\"datePublished\":\"2024-09-24T06:14:56+00:00\",\"dateModified\":\"2025-01-16T10:51:52+00:00\",\"description\":\"En iyi SpinBetter T\u00fcrkiye Bonus Kodlar\u0131n\u0131 bulun ve \u00f6zel Para Yat\u0131rma Bonusu ve \u00dccretsiz D\u00f6nd\u00fcrme kazan\u0131n. Kay\u0131t olurken Spin Better Promosyon Kodunu kullan\u0131n. Bonus kodlar\u0131 size Spin Better'da favori slotlarda \u00fccretsiz d\u00f6n\u00fc\u015fler ve pop\u00fcler sporlarda \u00fccretsiz bahisler sa\u011flayabilir\",\"breadcrumb\":{\"@id\":\"https:\/\/spinbetter.games\/tr\/promo-code\/#breadcrumb\"},\"inLanguage\":\"tr\",\"potentialAction\":[{\"@type\":\"ReadAction\",\"target\":[\"https:\/\/spinbetter.games\/tr\/promo-code\/\"]}]},{\"@type\":\"BreadcrumbList\",\"@id\":\"https:\/\/spinbetter.games\/tr\/promo-code\/#breadcrumb\",\"itemListElement\":[{\"@type\":\"ListItem\",\"position\":1,\"name\":\"\u0413\u043b\u0430\u0432\u043d\u0430\u044f \u0441\u0442\u0440\u0430\u043d\u0438\u0446\u0430\",\"item\":\"https:\/\/spinbetter.games\/tr\/\"},{\"@type\":\"ListItem\",\"position\":2,\"name\":\"Promosyon Kodu\"}]},{\"@type\":\"WebSite\",\"@id\":\"https:\/\/spinbetter.games\/tr\/#website\",\"url\":\"https:\/\/spinbetter.games\/tr\/\",\"name\":\"SpinBetter tr\",\"description\":\"My WordPress Blog\",\"potentialAction\":[{\"@type\":\"SearchAction\",\"target\":{\"@type\":\"EntryPoint\",\"urlTemplate\":\"https:\/\/spinbetter.games\/tr\/?s={search_term_string}\"},\"query-input\":{\"@type\":\"PropertyValueSpecification\",\"valueRequired\":true,\"valueName\":\"search_term_string\"}}],\"inLanguage\":\"tr\"}]}<\/script>\n<!-- \/ Yoast SEO plugin. -->","yoast_head_json":{"title":"SpinBetter Promosyon Kodu 2025 \u25b6\ufe0f Ger\u00e7ek Bonus Kodlar\u0131","description":"En iyi SpinBetter T\u00fcrkiye Bonus Kodlar\u0131n\u0131 bulun ve \u00f6zel Para Yat\u0131rma Bonusu ve \u00dccretsiz D\u00f6nd\u00fcrme kazan\u0131n. Kay\u0131t olurken Spin Better Promosyon Kodunu kullan\u0131n. Bonus kodlar\u0131 size Spin Better'da favori slotlarda \u00fccretsiz d\u00f6n\u00fc\u015fler ve pop\u00fcler sporlarda \u00fccretsiz bahisler sa\u011flayabilir","robots":{"index":"index","follow":"follow","max-snippet":"max-snippet:-1","max-image-preview":"max-image-preview:large","max-video-preview":"max-video-preview:-1"},"canonical":"https:\/\/spinbetter.games\/tr\/promo-code\/","og_locale":"tr_TR","og_type":"article","og_title":"SpinBetter Promosyon Kodu 2025 \u25b6\ufe0f Ger\u00e7ek Bonus Kodlar\u0131","og_description":"En iyi SpinBetter T\u00fcrkiye Bonus Kodlar\u0131n\u0131 bulun ve \u00f6zel Para Yat\u0131rma Bonusu ve \u00dccretsiz D\u00f6nd\u00fcrme kazan\u0131n. Kay\u0131t olurken Spin Better Promosyon Kodunu kullan\u0131n. Bonus kodlar\u0131 size Spin Better'da favori slotlarda \u00fccretsiz d\u00f6n\u00fc\u015fler ve pop\u00fcler sporlarda \u00fccretsiz bahisler sa\u011flayabilir","og_url":"https:\/\/spinbetter.games\/tr\/promo-code\/","og_site_name":"SpinBetter tr","article_modified_time":"2025-01-16T10:51:52+00:00","twitter_card":"summary_large_image","schema":{"@context":"https:\/\/schema.org","@graph":[{"@type":"WebPage","@id":"https:\/\/spinbetter.games\/tr\/promo-code\/","url":"https:\/\/spinbetter.games\/tr\/promo-code\/","name":"SpinBetter Promosyon Kodu 2025 \u25b6\ufe0f Ger\u00e7ek Bonus Kodlar\u0131","isPartOf":{"@id":"https:\/\/spinbetter.games\/tr\/#website"},"datePublished":"2024-09-24T06:14:56+00:00","dateModified":"2025-01-16T10:51:52+00:00","description":"En iyi SpinBetter T\u00fcrkiye Bonus Kodlar\u0131n\u0131 bulun ve \u00f6zel Para Yat\u0131rma Bonusu ve \u00dccretsiz D\u00f6nd\u00fcrme kazan\u0131n. Kay\u0131t olurken Spin Better Promosyon Kodunu kullan\u0131n. Bonus kodlar\u0131 size Spin Better'da favori slotlarda \u00fccretsiz d\u00f6n\u00fc\u015fler ve pop\u00fcler sporlarda \u00fccretsiz bahisler sa\u011flayabilir","breadcrumb":{"@id":"https:\/\/spinbetter.games\/tr\/promo-code\/#breadcrumb"},"inLanguage":"tr","potentialAction":[{"@type":"ReadAction","target":["https:\/\/spinbetter.games\/tr\/promo-code\/"]}]},{"@type":"BreadcrumbList","@id":"https:\/\/spinbetter.games\/tr\/promo-code\/#breadcrumb","itemListElement":[{"@type":"ListItem","position":1,"name":"\u0413\u043b\u0430\u0432\u043d\u0430\u044f \u0441\u0442\u0440\u0430\u043d\u0438\u0446\u0430","item":"https:\/\/spinbetter.games\/tr\/"},{"@type":"ListItem","position":2,"name":"Promosyon Kodu"}]},{"@type":"WebSite","@id":"https:\/\/spinbetter.games\/tr\/#website","url":"https:\/\/spinbetter.games\/tr\/","name":"SpinBetter tr","description":"My WordPress Blog","potentialAction":[{"@type":"SearchAction","target":{"@type":"EntryPoint","urlTemplate":"https:\/\/spinbetter.games\/tr\/?s={search_term_string}"},"query-input":{"@type":"PropertyValueSpecification","valueRequired":true,"valueName":"search_term_string"}}],"inLanguage":"tr"}]}},"_links":{"self":[{"href":"https:\/\/spinbetter.games\/tr\/wp-json\/wp\/v2\/pages\/549","targetHints":{"allow":["GET"]}}],"collection":[{"href":"https:\/\/spinbetter.games\/tr\/wp-json\/wp\/v2\/pages"}],"about":[{"href":"https:\/\/spinbetter.games\/tr\/wp-json\/wp\/v2\/types\/page"}],"author":[{"embeddable":true,"href":"https:\/\/spinbetter.games\/tr\/wp-json\/wp\/v2\/users\/1"}],"replies":[{"embeddable":true,"href":"https:\/\/spinbetter.games\/tr\/wp-json\/wp\/v2\/comments?post=549"}],"version-history":[{"count":15,"href":"https:\/\/spinbetter.games\/tr\/wp-json\/wp\/v2\/pages\/549\/revisions"}],"predecessor-version":[{"id":829,"href":"https:\/\/spinbetter.games\/tr\/wp-json\/wp\/v2\/pages\/549\/revisions\/829"}],"wp:attachment":[{"href":"https:\/\/spinbetter.games\/tr\/wp-json\/wp\/v2\/media?parent=549"}],"curies":[{"name":"wp","href":"https:\/\/api.w.org\/{rel}","templated":true}]}}